{"id":77952,"date":"2025-10-16T20:11:35","date_gmt":"2025-10-16T18:11:35","guid":{"rendered":"https:\/\/jjcustomworks.se\/product\/umarex-legend-p08-luger-6mm-co2-airsoft\/"},"modified":"2025-10-16T20:11:35","modified_gmt":"2025-10-16T18:11:35","slug":"umarex-legend-p08-luger-6mm-co2-airsoft","status":"publish","type":"product","link":"https:\/\/jjcustomworks.se\/en\/product\/umarex-legend-p08-luger-6mm-co2-airsoft\/","title":{"rendered":"Umarex Legend P08 Luger &#8211; 6mm Co2 airsoft"},"content":{"rendered":"<p>Legend P08, Co2 GBB 6MM<\/p>\n<p>Tung airsoftversion p\u00e5 en nostalgisk modell som idag uppn\u00e5tt kultstatus. Den riktiga f\u00f6rlagan tillverkades under m\u00e5nga namn men kanske mest k\u00e4nd under namnet Luger P08.<\/p>\n<p>Egenskaper<br \/>Full Metall<br \/>Double Action Only<\/p>\n<p>Specifikationer<br \/>Vikt: 818 g<br \/>Totall\u00e4ngd: 216mm<br \/>Konstruktion: Metall<br \/>Drivning: Co2<br \/>Mekanism: Fixed slide<br \/>Pipl\u00e4ngd: 116mm<br \/>Kilsp\u00e5r: Saknas<br \/>Kaliber: 6 BB mm<br \/>Magasinkapacitet: 15 skott<br \/>Utg\u00e5ngshastighet 0,20g: 141 m\/s<br \/>Anslagsenergi: 2,0 J<br \/>Avtryck: DAO<br \/>Eldalternativ: Semiauto<br \/>Hop Up: Ja<\/p>","protected":false},"excerpt":{"rendered":"<p>Legend P08, Co2 GBB 6MM Tung airsoftversion p\u00e5 en nostalgisk modell som idag uppn\u00e5tt kultstatus. Den riktiga f\u00f6rlagan tillverkades under m\u00e5nga namn men kanske mest k\u00e4nd under namnet Luger P08. EgenskaperFull MetallDouble Action Only SpecifikationerVikt: 818 gTotall\u00e4ngd: 216mmKonstruktion: MetallDrivning: Co2Mekanism: Fixed slidePipl\u00e4ngd: 116mmKilsp\u00e5r: SaknasKaliber: 6 BB mmMagasinkapacitet: 15 skottUtg\u00e5ngshastighet 0,20g: 141 m\/sAnslagsenergi: 2,0 JAvtryck: DAOEldalternativ: [&#8230;]\n","protected":false},"featured_media":77951,"template":"","meta":[],"product_brand":[],"product_cat":[3150],"product_tag":[],"class_list":{"0":"post-77952","1":"product","2":"type-product","3":"status-publish","4":"has-post-thumbnail","6":"product_cat-airsoft-guns","8":"first","9":"outofstock","10":"sale","11":"taxable","12":"shipping-taxable","13":"purchasable","14":"product-type-simple"},"_links":{"self":[{"href":"https:\/\/jjcustomworks.se\/en\/wp-json\/wp\/v2\/product\/77952","targetHints":{"allow":["GET"]}}],"collection":[{"href":"https:\/\/jjcustomworks.se\/en\/wp-json\/wp\/v2\/product"}],"about":[{"href":"https:\/\/jjcustomworks.se\/en\/wp-json\/wp\/v2\/types\/product"}],"wp:featuredmedia":[{"embeddable":true,"href":"https:\/\/jjcustomworks.se\/en\/wp-json\/wp\/v2\/media\/77951"}],"wp:attachment":[{"href":"https:\/\/jjcustomworks.se\/en\/wp-json\/wp\/v2\/media?parent=77952"}],"wp:term":[{"taxonomy":"product_brand","embeddable":true,"href":"https:\/\/jjcustomworks.se\/en\/wp-json\/wp\/v2\/product_brand?post=77952"},{"taxonomy":"product_cat","embeddable":true,"href":"https:\/\/jjcustomworks.se\/en\/wp-json\/wp\/v2\/product_cat?post=77952"},{"taxonomy":"product_tag","embeddable":true,"href":"https:\/\/jjcustomworks.se\/en\/wp-json\/wp\/v2\/product_tag?post=77952"}],"curies":[{"name":"wp","href":"https:\/\/api.w.org\/{rel}","templated":true}]}}