{"id":63698,"date":"2025-08-25T17:56:44","date_gmt":"2025-08-25T15:56:44","guid":{"rendered":"https:\/\/jjcustomworks.se\/product\/kolser-exra-drum-to-remington-1858-for-percussion-caps\/"},"modified":"2026-03-31T10:30:40","modified_gmt":"2026-03-31T08:30:40","slug":"kolser-exra-drum-to-remington-1858-for-percussion-caps","status":"publish","type":"product","link":"https:\/\/jjcustomworks.se\/en\/product\/kolser-exra-drum-to-remington-1858-for-percussion-caps\/","title":{"rendered":"Kolser &#8211; Exra Trumma &#8211; Till Remington 1858 f\u00f6r slagstift"},"content":{"rendered":"<div>\n<div>Observera att den &#8221;gamla svarta&#8221; \u00e4r n\u00e5got ljusare\/Gr\u00e5are i verkligheten \u00e4n p\u00e5 bild.<\/p>\n<p>Komplettera din Remington 1858-replika med denna \u00e4kta Kolser- ers\u00e4ttningstrumma . Detta tillbeh\u00f6r \u00e4r speciellt utformat f\u00f6r den klassiska slagstiftsmodellen och l\u00e5ter dig simulera revolverns mest innovativa funktion: snabbt trumbyte i strid.<br id=\"isPasted\"><br \/>Tillverkad med samma material och ytbehandlingar som originalreplikan, \u00e5terger denna trumma troget den design som anv\u00e4ndes av unionsarm\u00e9n under det amerikanska inb\u00f6rdeskriget. Perfekt f\u00f6r samlare, historiska rekonstrukt\u00f6rer och westernentusiaster som vill ha en mer autentisk upplevelse.<\/p>\n<p>Detta \u00e4r trummodellen som motsvarar Remington 1858 New Army percussion revolver , samma typ av vapen som anv\u00e4ndes av Jamie Foxx i Django Unchained (2012).<\/p>\n<p>Exklusiv trumma f\u00f6r Remington 1858 slagverksmodell<br \/><strong>VIKTIGT:<\/strong> Remington 1858-slagstiftstrumma \u00e4r INTE densamma som Remington 1858 f\u00f6r patroner. D\u00e4rf\u00f6r kan trummorna inte bytas mellan dessa tv\u00e5 modeller. Om du k\u00f6per en extra trumma, se till att den \u00e4r f\u00f6r r\u00e4tt modell. De \u00e4r inte kompatibla .<\/p>\n<p>Varf\u00f6r v\u00e4lja Kolser?<br \/>P\u00e5 Kolser \u00e4r varje tillbeh\u00f6r designat med samma noggrannhet och omsorg om detaljer som v\u00e5ra replikor. Denna reservpip \u00e4r inte en generisk del: den \u00e4r specifikt tillverkad f\u00f6r att passa perfekt till din Remington 1858.<\/p>\n<p>Om du letar efter realism och historisk noggrannhet \u00e4r detta tillbeh\u00f6r det perfekta tillskottet till din samling eller \u00e5teruppf\u00f6rande.<\/p>\n<\/div>\n<\/div>","protected":false},"excerpt":{"rendered":"<p>Observera att den &#8221;gamla svarta&#8221; \u00e4r n\u00e5got ljusare\/Gr\u00e5are i verkligheten \u00e4n p\u00e5 bild. Komplettera din Remington 1858-replika med denna \u00e4kta Kolser- ers\u00e4ttningstrumma . Detta tillbeh\u00f6r \u00e4r speciellt utformat f\u00f6r den klassiska slagstiftsmodellen och l\u00e5ter dig simulera revolverns mest innovativa funktion: snabbt trumbyte i strid.Tillverkad med samma material och ytbehandlingar som originalreplikan, \u00e5terger denna trumma troget [&#8230;]\n","protected":false},"featured_media":63701,"template":"","meta":[],"product_brand":[],"product_cat":[826],"product_tag":[],"class_list":{"0":"post-63698","1":"product","2":"type-product","3":"status-publish","4":"has-post-thumbnail","6":"product_cat-replica-western","8":"first","9":"outofstock","10":"sale","11":"taxable","12":"shipping-taxable","13":"purchasable","14":"product-type-variable"},"_links":{"self":[{"href":"https:\/\/jjcustomworks.se\/en\/wp-json\/wp\/v2\/product\/63698","targetHints":{"allow":["GET"]}}],"collection":[{"href":"https:\/\/jjcustomworks.se\/en\/wp-json\/wp\/v2\/product"}],"about":[{"href":"https:\/\/jjcustomworks.se\/en\/wp-json\/wp\/v2\/types\/product"}],"wp:featuredmedia":[{"embeddable":true,"href":"https:\/\/jjcustomworks.se\/en\/wp-json\/wp\/v2\/media\/63701"}],"wp:attachment":[{"href":"https:\/\/jjcustomworks.se\/en\/wp-json\/wp\/v2\/media?parent=63698"}],"wp:term":[{"taxonomy":"product_brand","embeddable":true,"href":"https:\/\/jjcustomworks.se\/en\/wp-json\/wp\/v2\/product_brand?post=63698"},{"taxonomy":"product_cat","embeddable":true,"href":"https:\/\/jjcustomworks.se\/en\/wp-json\/wp\/v2\/product_cat?post=63698"},{"taxonomy":"product_tag","embeddable":true,"href":"https:\/\/jjcustomworks.se\/en\/wp-json\/wp\/v2\/product_tag?post=63698"}],"curies":[{"name":"wp","href":"https:\/\/api.w.org\/{rel}","templated":true}]}}