{"id":63682,"date":"2025-08-24T18:00:33","date_gmt":"2025-08-24T16:00:33","guid":{"rendered":"https:\/\/jjcustomworks.se\/product\/kolser-replika-remington-1858-converted-for-cartridges\/"},"modified":"2026-03-26T17:30:56","modified_gmt":"2026-03-26T16:30:56","slug":"kolser-replika-remington-1858-converted-for-cartridges","status":"publish","type":"product","link":"https:\/\/jjcustomworks.se\/en\/product\/kolser-replika-remington-1858-converted-for-cartridges\/","title":{"rendered":"Kolser &#8211; Replika &#8211; Remington 1858 &#8211; Konverterad f\u00f6r patroner"},"content":{"rendered":"<div>\n<div>Fr\u00e5n slagf\u00e4ltet till vilda v\u00e4stern representerar Kolser Remington 1858 Converted-replikan utvecklingen av den klassiska mynningsladdade revolvern som konverterats till metallpatroner. Ett historiskt verk som f\u00e5ngar den teknologiska \u00f6verg\u00e5ngen under andra h\u00e4lften av 1800-talet.<br id=\"isPasted\"><br \/>Allt eftersom mynningsladdade revolvrar blev f\u00f6r\u00e5ldrade anpassades m\u00e5nga modeller f\u00f6r att anv\u00e4nda metallpatroner. Kolser \u00e5terskapar noggrant Remington Converted 1858 , med en anpassad cylinder och bakre avfyrningsstift. Denna replika \u00e4r inte bara dekorativ: den \u00e4r utformad med en fungerande mekanism som \u00e5terger r\u00f6relserna hos det ursprungliga vapnet, inklusive ett simulerat avfyrningssystem .<\/p>\n<p>Tack vare sina handgjorda ytbehandlingar och h\u00f6gkvalitativa material l\u00e5ter Kolser Remington 1858 Converted -replikan dig \u00e5teruppleva andan i det gamla v\u00e4stern i sin mest utvecklade form.<\/p>\n<p>Denna modell f\u00f6revigades av Clint Eastwood i Pale Rider (1985) , d\u00e4r han anv\u00e4nder en ombyggd Remington 1858 som sitt prim\u00e4ra vapen. Denna replika \u00e4r en hyllning till en av de mest legendariska revolvrarna i v\u00e4sterl\u00e4ndsk film.<\/p>\n<p><strong>Montering och tekniska detaljer<\/strong><br \/>Varje del \u00e4r handbearbetad med \u00e5ldringstekniker som simulerar \u00e5rtionden av historia.<\/p>\n<p>Material: Zamak med handtag i \u00e4kta tr\u00e4.<br \/>Tillg\u00e4ngliga ytbehandlingar: Svart, antiksvart eller en kombination av m\u00e4ssing och svart.<br \/>Vikt: Cirka 1,2 kg.<br \/>M\u00e5tt: 8-tums \u00e5ttkantig pipa.<br \/>Mekanism: Funktionell, med simulerad avfyrning och trumma anpassad f\u00f6r Kolser-kulor.<br \/>Anpassning f\u00f6r knallpulver: Ja, inkluderar 6 Kolser-imitationskulor anpassade f\u00f6r wicke knallpulver (gula eller r\u00f6da 8 skott).<\/p>\n<p><strong>Ett viktigt vapen i det gamla v\u00e4stern<\/strong><br \/>Remington 1858 Converted var ett logiskt svar p\u00e5 behovet av snabbare och effektivare omladdning. I en s\u00e5 fientlig milj\u00f6 som den amerikanska v\u00e4stern var \u00f6verg\u00e5ngen till metallpatroner en avg\u00f6rande f\u00f6rdel, vilket gjorde det m\u00f6jligt f\u00f6r bev\u00e4pnade m\u00e4n att reagera med st\u00f6rre hastighet och precision.<\/p>\n<p>Denna modell representerar den historiska v\u00e4ndpunkten, d\u00e4r v\u00e4rlden \u00f6vergav l\u00f6st svartkrut och antog nya vapenstandarder.<\/p>\n<p><strong>Bli Clint Eastwood i Pale Rider<\/strong><br \/>Den legendariske revolvermannen anv\u00e4nde inte bara en ombyggd Remington, utan bar alltid med sig extra trummor redo f\u00f6r snabb omladdning. Komplettera din replika med en extra trumma till Remington 1858 Converted och ta upplevelsen till n\u00e4sta niv\u00e5, eller varf\u00f6r inte ett specialanpassat h\u00f6lster.<\/p>\n<p><strong>Varf\u00f6r v\u00e4lja Kolser?<br \/><\/strong>F\u00f6r det \u00e4r inte bara en replika, det \u00e4r en tidskapsel. Kolser erbjuder samlare och entusiaster chansen att \u00e4ga ett stycke historia, \u00e5terskapat med extrem uppm\u00e4rksamhet p\u00e5 detaljer och respekt f\u00f6r designens \u00e4kthet.<\/p>\n<p>Vanliga fr\u00e5gor om v\u00e5r Remington 1858-replika<br \/><strong>Kan jag ladda den h\u00e4r replikan som en riktig revolver?<\/strong><br \/><em>Nej. \u00c4ven om denna replika har en fungerande mekanism och \u00e4r anpassad f\u00f6r knallpulver, avfyrar den inte riktiga projektiler och kan inte heller laddas med krut eller kulor. Det \u00e4r ett f\u00f6rem\u00e5l f\u00f6r dekoration, samlarobjekt och historisk \u00e5terskapande.<\/em><br \/><strong>Inkluderar denna replika den extra utbytbara trumman?<\/strong><strong><br \/><\/strong><em>Nej. Ers\u00e4ttningstrumman s\u00e4ljs separat. Du kan k\u00f6pa den som ett extra tillbeh\u00f6r hos oss om du vill simulera originalmodellens snabbp\u00e5fyllningssystem.<\/em><br \/><strong>\u00c4r detta samma replika som finns i Pale Rider&nbsp;<\/strong><em>Ja, Remington 1858 concerted, precis som det Clint Eastwood anv\u00e4nder i filmen Pale Rider, \u00e4r den historiska modell som denna Kolser-replika \u00e4r baserad p\u00e5.<\/em><br \/><strong>Vilken typ av primers \u00e4r kompatibla med denna replika?<br \/><\/strong><em>Du kan anv\u00e4nda vanliga knallpulver skott som vi s\u00e4ljer endera de gula 100-packen eller 8-skotts ringarna passar b\u00e4st. Efter anv\u00e4ndning kan det finnas kvar rester av krut. F\u00f6r att h\u00e5lla din replika i gott skick kan du ladda ner v\u00e5r underh\u00e5llsguide .<br id=\"isPasted\"><br \/><\/em><\/p>\n<\/div>\n<\/div>","protected":false},"excerpt":{"rendered":"<p>Fr\u00e5n slagf\u00e4ltet till vilda v\u00e4stern representerar Kolser Remington 1858 Converted-replikan utvecklingen av den klassiska mynningsladdade revolvern som konverterats till metallpatroner. Ett historiskt verk som f\u00e5ngar den teknologiska \u00f6verg\u00e5ngen under andra h\u00e4lften av 1800-talet.Allt eftersom mynningsladdade revolvrar blev f\u00f6r\u00e5ldrade anpassades m\u00e5nga modeller f\u00f6r att anv\u00e4nda metallpatroner. Kolser \u00e5terskapar noggrant Remington Converted 1858 , med en anpassad [&#8230;]\n","protected":false},"featured_media":63687,"template":"","meta":[],"product_brand":[],"product_cat":[826],"product_tag":[],"class_list":{"0":"post-63682","1":"product","2":"type-product","3":"status-publish","4":"has-post-thumbnail","6":"product_cat-replica-western","8":"first","9":"outofstock","10":"sale","11":"taxable","12":"shipping-taxable","13":"purchasable","14":"product-type-variable"},"_links":{"self":[{"href":"https:\/\/jjcustomworks.se\/en\/wp-json\/wp\/v2\/product\/63682","targetHints":{"allow":["GET"]}}],"collection":[{"href":"https:\/\/jjcustomworks.se\/en\/wp-json\/wp\/v2\/product"}],"about":[{"href":"https:\/\/jjcustomworks.se\/en\/wp-json\/wp\/v2\/types\/product"}],"wp:featuredmedia":[{"embeddable":true,"href":"https:\/\/jjcustomworks.se\/en\/wp-json\/wp\/v2\/media\/63687"}],"wp:attachment":[{"href":"https:\/\/jjcustomworks.se\/en\/wp-json\/wp\/v2\/media?parent=63682"}],"wp:term":[{"taxonomy":"product_brand","embeddable":true,"href":"https:\/\/jjcustomworks.se\/en\/wp-json\/wp\/v2\/product_brand?post=63682"},{"taxonomy":"product_cat","embeddable":true,"href":"https:\/\/jjcustomworks.se\/en\/wp-json\/wp\/v2\/product_cat?post=63682"},{"taxonomy":"product_tag","embeddable":true,"href":"https:\/\/jjcustomworks.se\/en\/wp-json\/wp\/v2\/product_tag?post=63682"}],"curies":[{"name":"wp","href":"https:\/\/api.w.org\/{rel}","templated":true}]}}