{"id":60894,"date":"2025-03-14T15:05:42","date_gmt":"2025-03-14T14:05:42","guid":{"rendered":"https:\/\/jjcustomworks.se\/product\/jj-custom-works-colt-45-peacemaker-holster-right-4-75-brown-plain-nickel-studs\/"},"modified":"2026-02-14T07:17:39","modified_gmt":"2026-02-14T06:17:39","slug":"jj-custom-works-colt-45-holster-right-12-brown-plain","status":"publish","type":"product","link":"https:\/\/jjcustomworks.se\/en\/product\/jj-custom-works-colt-45-holster-right-12-brown-plain\/","title":{"rendered":"JJ Custom Works Colt .45 Holster Right 12\" Brown Plain"},"content":{"rendered":"<h1>JJ Custom Works - Colt .45 Peacemaker Holster - Right - 12\" - Brown - Plain<\/h1>\n<h2><span class=\"ez-toc-section\" id=\"Handmade_Holster_from_Swedish_Leather\"><\/span>Handmade Holster from Swedish Leather<span class=\"ez-toc-section-end\"><\/span><\/h2>\n<p>This handmade holster is specifically designed for Colt .45 Peacemaker revolvers and similar models. Made entirely by hand in Sweden with vegetable-tanned leather from T\u00e4rnsj\u00f6, this holster guarantees the highest quality and long-lasting durability. With proper care, this holster will last a lifetime.<\/p>\n<p><strong>Features:<\/strong><\/p>\n<ul>\n <li><strong>Handmade in Sweden:<\/strong> Each holster is crafted by hand in Arboga.<\/li>\n <li><strong>Swedish T\u00e4rnsj\u00f6 Leather:<\/strong> Vegetable-tanned leather of the highest quality that only gets more beautiful with age.<\/li>\n <li><strong>Customizable:<\/strong> Available in lengths from 2.25 inches to 12-inch barrel, right or left-handed design, and in thirteen or more different colors.<\/li>\n <li><strong>Patterns:<\/strong> Choose between different types of patterns or a stylish, simple design.<\/li>\n <li><strong>High Quality & Fit:<\/strong> Superb fit for your Colt .45 Peacemaker revolver.<\/li>\n <li><strong>Eco-Friendly:<\/strong> Vegetable-tanned leather without chrome and other environmentally harmful substances.<\/li>\n<\/ul>\n<h3><span class=\"ez-toc-section\" id=\"Durable_and_Repairable\"><\/span>Durable and Repairable<span class=\"ez-toc-section-end\"><\/span><\/h3>\n<p>The holster is made of vegetable-tanned leather, making it an environmentally friendly choice without harmful chemicals. It is easy to repair if an accident occurs \u2013 stitches and rivets can be easily replaced. Lubricate the holster regularly with leather grease to maintain its quality and longevity.<\/p>\n<h3><span class=\"ez-toc-section\" id=\"Swedish_Leather_and_Production\"><\/span>Swedish Leather and Production<span class=\"ez-toc-section-end\"><\/span><\/h3>\n<p>Made from leather from Swedish cows with good animal welfare and minimal transport. By choosing this holster, you support local production and sustainability. <a href=\"https:\/\/jjcustomworks.se\/en\/\">Visit our website<\/a> to see our full range of handmade leather products. Explore our selection of <a href=\"https:\/\/jjcustomworks.se\/en\/product-category\/handmade\/handmade-balten\/\">gun accessories<\/a> to find the perfect complement to your new holster. We also offer other <a href=\"https:\/\/jjcustomworks.se\/en\/store\/\">similar holsters<\/a>.<\/p>","protected":false},"excerpt":{"rendered":"<p>Handgjort H\u00f6lster f\u00f6r Western revolver colt 45 peacemaker gjort av svenskt t\u00e4rnsj\u00f6l\u00e4der av h\u00f6g kvalitet<\/p>","protected":false},"featured_media":60958,"template":"","meta":[],"product_brand":[],"product_cat":[9493],"product_tag":[],"class_list":{"0":"post-60894","1":"product","2":"type-product","3":"status-publish","4":"has-post-thumbnail","6":"product_cat-handgjorda-balten","8":"first","9":"instock","10":"taxable","11":"shipping-taxable","12":"purchasable","13":"product-type-variable"},"_links":{"self":[{"href":"https:\/\/jjcustomworks.se\/en\/wp-json\/wp\/v2\/product\/60894","targetHints":{"allow":["GET"]}}],"collection":[{"href":"https:\/\/jjcustomworks.se\/en\/wp-json\/wp\/v2\/product"}],"about":[{"href":"https:\/\/jjcustomworks.se\/en\/wp-json\/wp\/v2\/types\/product"}],"wp:featuredmedia":[{"embeddable":true,"href":"https:\/\/jjcustomworks.se\/en\/wp-json\/wp\/v2\/media\/60958"}],"wp:attachment":[{"href":"https:\/\/jjcustomworks.se\/en\/wp-json\/wp\/v2\/media?parent=60894"}],"wp:term":[{"taxonomy":"product_brand","embeddable":true,"href":"https:\/\/jjcustomworks.se\/en\/wp-json\/wp\/v2\/product_brand?post=60894"},{"taxonomy":"product_cat","embeddable":true,"href":"https:\/\/jjcustomworks.se\/en\/wp-json\/wp\/v2\/product_cat?post=60894"},{"taxonomy":"product_tag","embeddable":true,"href":"https:\/\/jjcustomworks.se\/en\/wp-json\/wp\/v2\/product_tag?post=60894"}],"curies":[{"name":"wp","href":"https:\/\/api.w.org\/{rel}","templated":true}]}}