{"id":60785,"date":"2025-03-14T15:04:32","date_gmt":"2025-03-14T14:04:32","guid":{"rendered":"https:\/\/jjcustomworks.se\/product\/jj-custom-works-sheath-handmade-in-sweden-norse-hawk-90n\/"},"modified":"2026-02-25T16:03:37","modified_gmt":"2026-02-25T15:03:37","slug":"handmade-edge-cover-cold-steel-frontier-hawk-3","status":"publish","type":"product","link":"https:\/\/jjcustomworks.se\/en\/product\/handmade-edge-cover-cold-steel-frontier-hawk-3\/","title":{"rendered":"Handmade Edge Cover for Cold Steel Frontier Hawk"},"content":{"rendered":"<h1><span class=\"ez-toc-section\" id=\"Handmade_Edge_Cover_for_Cold_Steel_Frontier_Hawk\"><\/span>Handmade Edge Cover for Cold Steel Frontier Hawk<span class=\"ez-toc-section-end\"><\/span><\/h1>\n<h2><span class=\"ez-toc-section\" id=\"Protect_Your_Axe_with_a_Handmade_Edge_Cover\"><\/span>Protect Your Axe with a Handmade Edge Cover<span class=\"ez-toc-section-end\"><\/span><\/h2>\n<p>This handmade edge cover is specifically designed for the Cold Steel Norse Hawk 90N and made in Sweden from vegetable-tanned quality leather from T\u00e4rnsj\u00f6. With this edge cover, you keep your axe free from dirt and weather, while keeping it safe during transport.<\/p>\n<p><b>Features:<\/b><\/p>\n<ul>\n <li><b>Material:<\/b> Vegetable-tanned quality leather from T\u00e4rnsj\u00f6<\/li>\n <li><b>Manufactured:<\/b> Handmade in Sweden<\/li>\n <li><b>Fits:<\/b> Cold Steel Norse Hawk 90N<\/li>\n<\/ul>\n<h3><span class=\"ez-toc-section\" id=\"Durability_and_Care\"><\/span>Durability and Care<span class=\"ez-toc-section-end\"><\/span><\/h3>\n<p>Our edge covers are made to last for many years with proper care. Lubricate the leather occasionally with a suitable leather product to extend its lifespan. Vegetable-tanned leather is an environmentally friendly and natural alternative to chrome-tanned leather.<\/p>\n<p>Since leather is a natural material, minor deviations from the picture may occur. Each product is unique due to natural variations in the leather.<\/p>\n\n<p>Explore our selection of other <a href=\"https:\/\/jjcustomworks.se\/en\/store\/\">handmade leather products<\/a> duck <a href=\"https:\/\/jjcustomworks.se\/en\/product-category\/handmade\/holsters\/\">axe accessories<\/a> to complement your equipment. Visit our <a href=\"https:\/\/jjcustomworks.se\/en\/\">homepage<\/a> to see our full range.<\/p>","protected":false},"excerpt":{"rendered":"<p>handgjort eggskydd av h\u00f6g kvalitet till cold steel norse hawk &#8211; handgjort i sverige av t\u00e4rnsj\u00f6l\u00e4der<\/p>","protected":false},"featured_media":60733,"template":"","meta":[],"product_brand":[],"product_cat":[8205,6423],"product_tag":[],"class_list":{"0":"post-60785","1":"product","2":"type-product","3":"status-publish","4":"has-post-thumbnail","6":"product_cat-sheats","7":"product_cat-axe-accessories","9":"first","10":"instock","11":"sale","12":"taxable","13":"shipping-taxable","14":"purchasable","15":"product-type-simple"},"_links":{"self":[{"href":"https:\/\/jjcustomworks.se\/en\/wp-json\/wp\/v2\/product\/60785","targetHints":{"allow":["GET"]}}],"collection":[{"href":"https:\/\/jjcustomworks.se\/en\/wp-json\/wp\/v2\/product"}],"about":[{"href":"https:\/\/jjcustomworks.se\/en\/wp-json\/wp\/v2\/types\/product"}],"wp:featuredmedia":[{"embeddable":true,"href":"https:\/\/jjcustomworks.se\/en\/wp-json\/wp\/v2\/media\/60733"}],"wp:attachment":[{"href":"https:\/\/jjcustomworks.se\/en\/wp-json\/wp\/v2\/media?parent=60785"}],"wp:term":[{"taxonomy":"product_brand","embeddable":true,"href":"https:\/\/jjcustomworks.se\/en\/wp-json\/wp\/v2\/product_brand?post=60785"},{"taxonomy":"product_cat","embeddable":true,"href":"https:\/\/jjcustomworks.se\/en\/wp-json\/wp\/v2\/product_cat?post=60785"},{"taxonomy":"product_tag","embeddable":true,"href":"https:\/\/jjcustomworks.se\/en\/wp-json\/wp\/v2\/product_tag?post=60785"}],"curies":[{"name":"wp","href":"https:\/\/api.w.org\/{rel}","templated":true}]}}