{"id":60627,"date":"2025-03-14T15:03:20","date_gmt":"2025-03-14T14:03:20","guid":{"rendered":"https:\/\/jjcustomworks.se\/product\/cold-steel-throwing-spikes-4-pack\/"},"modified":"2026-01-08T12:53:35","modified_gmt":"2026-01-08T11:53:35","slug":"cold-steel-throwing-spikes-4-pack","status":"publish","type":"product","link":"https:\/\/jjcustomworks.se\/en\/product\/cold-steel-throwing-spikes-4-pack\/","title":{"rendered":"Cold Steel Throwing Spikes 4-Pack | High Quality"},"content":{"rendered":"<h1>Cold Steel - Throwing Spikes 4-Pack<\/h1>\n<h2><span class=\"ez-toc-section\" id=\"Perfectly_Balanced_Throwing_Spikes_for_Target_Practice\"><\/span>Perfectly Balanced Throwing Spikes for Target Practice<span class=\"ez-toc-section-end\"><\/span><\/h2>\n<p>This 4-pack of Cold Steel throwing spikes are crafted from robust 420SS steel and feature paracord-wrapped handles for a secure grip. Perfectly balanced for backyard target practice or the art of throwing. The set includes four spikes in two different lengths: 5 inches and 8 inches. The included nylon pouch facilitates easy storage and transportation. Explore our range of <a href=\"https:\/\/jjcustomworks.se\/en\/store\/\">other Cold Steel products<\/a> to complete your collection. Don't miss our selection of <a href=\"https:\/\/jjcustomworks.se\/en\/product-category\/handmade\/handmade-knives\/\">knives and tools<\/a>.<\/p>\n\n<h3><span class=\"ez-toc-section\" id=\"Specifications\"><\/span>Specifications:<span class=\"ez-toc-section-end\"><\/span><\/h3>\n<ul>\n    <li><strong>Blade Material:<\/strong> 420SS Steel<\/li>\n    <li><strong>Handle:<\/strong> Paracord Wrap<\/li>\n    <li><strong>Sheath:<\/strong> Nylon<\/li>\n<\/ul>\n\n<h3><span class=\"ez-toc-section\" id=\"Dimensions\"><\/span>Dimensions:<span class=\"ez-toc-section-end\"><\/span><\/h3>\n<ul>\n    <li><strong>Blade Length:<\/strong> 2.5 to 3.5 inches<\/li>\n    <li><strong>Overall Length:<\/strong> 5 to 8 inches<\/li>\n<\/ul>\n\n<h2><span class=\"ez-toc-section\" id=\"Tips_for_Safe_Throwing\"><\/span>Tips for Safe Throwing<span class=\"ez-toc-section-end\"><\/span><\/h2>\n<p>Knife throwing is an ancient art and sport that can also be a fun family activity. With a little patience, learning the basics is relatively simple. These throwing knives are not toys and should be handled with care and under adult supervision. It is important to remember that an 18-year age limit applies to purchase. For your safety, never throw in the direction of people or animals, and ensure no fragile objects are near the target. Visit <a href=\"https:\/\/jjcustomworks.se\/en\/\">our homepage<\/a> for more products and safety guidelines.<\/p>\n\n<p>These throwing spikes are intended for use against suitable targets only. Smaller throwing knives under 10\" that are lightweight can be thrown at regular dartboards. For larger\/heavier competition knives, we recommend a proper wooden target. Multiple layers of cardboard can also make a good target. Keep in mind that steel bounces against steel and other hard surfaces.<\/p>","protected":false},"excerpt":{"rendered":"<p>K\u00f6p Cold Steel Throwing Spikes 4 pack &#8211; H\u00f6gkvalitativa spikar f\u00f6r kastning. Perfekta f\u00f6r sport och tr\u00e4ning. Best\u00e4ll nu och f\u00e5 snabb leverans.<\/p>","protected":false},"featured_media":60603,"template":"","meta":[],"product_brand":[],"product_cat":[908],"product_tag":[],"class_list":{"0":"post-60627","1":"product","2":"type-product","3":"status-publish","4":"has-post-thumbnail","6":"product_cat-kastkniv","8":"first","9":"instock","10":"sale","11":"taxable","12":"shipping-taxable","13":"purchasable","14":"product-type-simple"},"_links":{"self":[{"href":"https:\/\/jjcustomworks.se\/en\/wp-json\/wp\/v2\/product\/60627","targetHints":{"allow":["GET"]}}],"collection":[{"href":"https:\/\/jjcustomworks.se\/en\/wp-json\/wp\/v2\/product"}],"about":[{"href":"https:\/\/jjcustomworks.se\/en\/wp-json\/wp\/v2\/types\/product"}],"wp:featuredmedia":[{"embeddable":true,"href":"https:\/\/jjcustomworks.se\/en\/wp-json\/wp\/v2\/media\/60603"}],"wp:attachment":[{"href":"https:\/\/jjcustomworks.se\/en\/wp-json\/wp\/v2\/media?parent=60627"}],"wp:term":[{"taxonomy":"product_brand","embeddable":true,"href":"https:\/\/jjcustomworks.se\/en\/wp-json\/wp\/v2\/product_brand?post=60627"},{"taxonomy":"product_cat","embeddable":true,"href":"https:\/\/jjcustomworks.se\/en\/wp-json\/wp\/v2\/product_cat?post=60627"},{"taxonomy":"product_tag","embeddable":true,"href":"https:\/\/jjcustomworks.se\/en\/wp-json\/wp\/v2\/product_tag?post=60627"}],"curies":[{"name":"wp","href":"https:\/\/api.w.org\/{rel}","templated":true}]}}