{"id":60084,"date":"2025-03-14T14:58:32","date_gmt":"2025-03-14T13:58:32","guid":{"rendered":"https:\/\/jjcustomworks.se\/product\/gasoline-lighter-micro-size\/"},"modified":"2026-01-10T19:34:36","modified_gmt":"2026-01-10T18:34:36","slug":"micro-petrol-lighter-tiny-keychain-lighter","status":"publish","type":"product","link":"https:\/\/jjcustomworks.se\/en\/product\/micro-petrol-lighter-tiny-keychain-lighter\/","title":{"rendered":"MICRO Petrol Lighter - Tiny Keychain Lighter"},"content":{"rendered":"<h1>MICRO Petrol Lighter - Tiny Keychain Lighter<\/h1>\n\n<h2><span class=\"ez-toc-section\" id=\"Minimal_petrol_lighter_for_your_keychain\"><\/span>Minimal petrol lighter for your keychain<span class=\"ez-toc-section-end\"><\/span><\/h2>\n<p>A fun item \u2013 the smallest petrol lighter we've ever had! This tiny lighter is perfect for attaching to your keychain, so you always have a lighter close at hand. With its minimal size and light weight, you'll hardly notice it, but it's ready to use when you need it. Get your MICRO petrol lighter today and always be prepared! Check out our selection of other <a href=\"https:\/\/jjcustomworks.se\/en\/store\/\">practical lighters<\/a> for more options! Also, find other <a href=\"https:\/\/jjcustomworks.se\/en\/product-category\/gas-and-petrol-lighters\/\">fun gadgets<\/a> with us. Visit <a href=\"https:\/\/jjcustomworks.se\/en\/\">our homepage<\/a> to discover our entire range!<\/p>\n\n<h3><span class=\"ez-toc-section\" id=\"Features\"><\/span>Features<span class=\"ez-toc-section-end\"><\/span><\/h3>\n<ul>\n    <li><strong>Width:<\/strong> 1.5cm<\/li>\n    <li><strong>Height:<\/strong> 2.8 cm<\/li>\n    <li><strong>Weight:<\/strong> 8 grams (without petrol)<\/li>\n    <li><strong>Included:<\/strong> Keychain<\/li>\n<\/ul>\n\n<p>This small petrol lighter is not only practical but also a fun thing to carry around. Perfect as a gift or just to treat yourself to a unique and useful gadget. It is easy to refill and use, making it a reliable companion in everyday life. Don't miss the chance to own this unique MICRO petrol lighter!<\/p>","protected":false},"excerpt":{"rendered":"<p>K\u00f6p en MIKRO bensint\u00e4ndare \/ t\u00e4ndare f\u00f6r nyckelring &#8211; perfekt f\u00f6r att t\u00e4nda upp sm\u00e5 eldar. Den h\u00e4r pyttelilla t\u00e4ndaren \u00e4r l\u00e4tt att b\u00e4ra med sig och \u00e4r idealisk f\u00f6r friluftsentusiaster. Best\u00e4ll nu f\u00f6r snabb leverans!<\/p>","protected":false},"featured_media":60078,"template":"","meta":[],"product_brand":[],"product_cat":[877],"product_tag":[],"class_list":{"0":"post-60084","1":"product","2":"type-product","3":"status-publish","4":"has-post-thumbnail","6":"product_cat-bensintandare","8":"first","9":"outofstock","10":"sale","11":"taxable","12":"shipping-taxable","13":"purchasable","14":"product-type-simple"},"_links":{"self":[{"href":"https:\/\/jjcustomworks.se\/en\/wp-json\/wp\/v2\/product\/60084","targetHints":{"allow":["GET"]}}],"collection":[{"href":"https:\/\/jjcustomworks.se\/en\/wp-json\/wp\/v2\/product"}],"about":[{"href":"https:\/\/jjcustomworks.se\/en\/wp-json\/wp\/v2\/types\/product"}],"wp:featuredmedia":[{"embeddable":true,"href":"https:\/\/jjcustomworks.se\/en\/wp-json\/wp\/v2\/media\/60078"}],"wp:attachment":[{"href":"https:\/\/jjcustomworks.se\/en\/wp-json\/wp\/v2\/media?parent=60084"}],"wp:term":[{"taxonomy":"product_brand","embeddable":true,"href":"https:\/\/jjcustomworks.se\/en\/wp-json\/wp\/v2\/product_brand?post=60084"},{"taxonomy":"product_cat","embeddable":true,"href":"https:\/\/jjcustomworks.se\/en\/wp-json\/wp\/v2\/product_cat?post=60084"},{"taxonomy":"product_tag","embeddable":true,"href":"https:\/\/jjcustomworks.se\/en\/wp-json\/wp\/v2\/product_tag?post=60084"}],"curies":[{"name":"wp","href":"https:\/\/api.w.org\/{rel}","templated":true}]}}