{"id":60062,"date":"2025-03-14T14:58:18","date_gmt":"2025-03-14T13:58:18","guid":{"rendered":"https:\/\/jjcustomworks.se\/product\/kolser-replica-sheriffs-colt-peacemaker-revolver-replica-11-2-25-barrel-4\/"},"modified":"2026-01-14T13:33:44","modified_gmt":"2026-01-14T12:33:44","slug":"kolser-sheriffs-colt-peacemaker-replica-2-25-barrel","status":"publish","type":"product","link":"https:\/\/jjcustomworks.se\/en\/product\/kolser-sheriffs-colt-peacemaker-replica-2-25-barrel\/","title":{"rendered":"Kolser Sheriff's Colt Peacemaker Replica - 2.25\" Barrel"},"content":{"rendered":"<h1>Kolser Sheriff's Colt Peacemaker Revolver Replica 1:1 \u2013 2.25\" Barrel<\/h1>\n<h2><span class=\"ez-toc-section\" id=\"Authentic_Replica_of_the_Colt_Peacemaker_Revolver\"><\/span>Authentic Replica of the Colt Peacemaker Revolver<span class=\"ez-toc-section-end\"><\/span><\/h2>\n<p>Sheriff's Colt Peacemaker revolver replica in 1:1 scale. This replica is 19 cm long and has a 2.25\" barrel. Perfect for those who want to relive the Wild West with a fantastic Colt revolver replica from Kolser. <b>Note: Replica bullets included. Toy percussion caps (100-pack, 1 shot) fit these bullets!<\/b><\/p>\n<p><b>Important:<\/b> This revolver cannot shoot real bullets and is intended solely for decoration, historical reenactment, or similar purposes. Using bullets without percussion caps is not recommended as this may damage the revolver and\/or the bullet. Lubricate the parts of the mechanism regularly.<\/p>\n<h3><span class=\"ez-toc-section\" id=\"Realistic_Design_and_Materials\"><\/span>Realistic Design and Materials<span class=\"ez-toc-section-end\"><\/span><\/h3>\n<p>The Colt 45 Peacemaker Sheriff's revolver USA 1873 2.25\" replica model is available in brass, blued, nickel-plated, and aged metal finishes. The finish is achieved through manual processes applied to each part of the gun. Choose between a grip made of real wood or a high-quality handle in either imitation ivory, imitation bone, or imitation wood. This replica convincingly recreates one of the Old West's most iconic revolvers.<\/p>\n<h3><span class=\"ez-toc-section\" id=\"Functional_Mechanism_for_an_Authentic_Experience\"><\/span>Functional Mechanism for an Authentic Experience<span class=\"ez-toc-section-end\"><\/span><\/h3>\n<p>The design of this replica model is based on the actual hand-assembled model, and the replica has enough parts to provide a more realistic trigger experience. This Colt Single Action replica has a working mechanism and a reloadable rotating cylinder for Kolser-made imitation bullets that are also adapted for percussion caps. Complete your collection with this incredibly well-made <a href=\"https:\/\/jjcustomworks.se\/en\/store\/\">Kolser replica<\/a>. Explore our wide range of <a href=\"https:\/\/jjcustomworks.se\/en\/product-category\/other_products\/replica-guns\/replicas-older-historical\/\">replica weapons<\/a> and find your favorite. Don't miss the chance to own a piece of history, visit <a href=\"https:\/\/jjcustomworks.se\/en\/\">our online store<\/a> today!<\/p>","protected":false},"excerpt":{"rendered":"<p>K\u00f6p en h\u00f6gkvalitativ replika av en Sheriff&#8217;s Colt Peacemaker Revolver med en exakt 1:1 skala och en 2,25&#8243; pipa fr\u00e5n Kolser. Utforska v\u00e5r breda kollektion av autentiska replikavapen till oslagbara priser. Best\u00e4ll nu f\u00f6r en realistisk och sp\u00e4nnande upplevelse!<\/p>","protected":false},"featured_media":62752,"template":"","meta":[],"product_brand":[],"product_cat":[826],"product_tag":[],"class_list":{"0":"post-60062","1":"product","2":"type-product","3":"status-publish","4":"has-post-thumbnail","6":"product_cat-replica-western","8":"first","9":"outofstock","10":"taxable","11":"shipping-taxable","12":"product-type-variable"},"_links":{"self":[{"href":"https:\/\/jjcustomworks.se\/en\/wp-json\/wp\/v2\/product\/60062","targetHints":{"allow":["GET"]}}],"collection":[{"href":"https:\/\/jjcustomworks.se\/en\/wp-json\/wp\/v2\/product"}],"about":[{"href":"https:\/\/jjcustomworks.se\/en\/wp-json\/wp\/v2\/types\/product"}],"wp:featuredmedia":[{"embeddable":true,"href":"https:\/\/jjcustomworks.se\/en\/wp-json\/wp\/v2\/media\/62752"}],"wp:attachment":[{"href":"https:\/\/jjcustomworks.se\/en\/wp-json\/wp\/v2\/media?parent=60062"}],"wp:term":[{"taxonomy":"product_brand","embeddable":true,"href":"https:\/\/jjcustomworks.se\/en\/wp-json\/wp\/v2\/product_brand?post=60062"},{"taxonomy":"product_cat","embeddable":true,"href":"https:\/\/jjcustomworks.se\/en\/wp-json\/wp\/v2\/product_cat?post=60062"},{"taxonomy":"product_tag","embeddable":true,"href":"https:\/\/jjcustomworks.se\/en\/wp-json\/wp\/v2\/product_tag?post=60062"}],"curies":[{"name":"wp","href":"https:\/\/api.w.org\/{rel}","templated":true}]}}