{"id":60056,"date":"2025-03-14T14:58:17","date_gmt":"2025-03-14T13:58:17","guid":{"rendered":"https:\/\/jjcustomworks.se\/product\/kolser-replica-sheriffs-colt-peacemaker-revolver-replica-11-2-25-barrel\/"},"modified":"2026-03-08T10:31:39","modified_gmt":"2026-03-08T09:31:39","slug":"kolser-replica-sheriffs-colt-peacemaker-2-25-barrel","status":"publish","type":"product","link":"https:\/\/jjcustomworks.se\/en\/product\/kolser-replica-sheriffs-colt-peacemaker-2-25-barrel\/","title":{"rendered":"Kolser Replica Sheriff's Colt Peacemaker 2.25\" Barrel"},"content":{"rendered":"<h1>Authentic Kolser Replica: Sheriff's Colt Peacemaker Revolver 2.25\"<\/h1>\n<h2><span class=\"ez-toc-section\" id=\"Relive_the_Wild_West_with_this_detailed_replica\"><\/span>Relive the Wild West with this detailed replica<span class=\"ez-toc-section-end\"><\/span><\/h2>\n<p>Sheriff's Colt Peacemaker revolver replica in 1:1 scale. This 19 cm long replica with a 2.25\" barrel is perfect for decoration, reenactment or as a collector's item. <b>NOTE: Replica bullets are included. Toy cap gun powder (100 pack with 1 shot) fits these bullets!<\/b><\/p>\n<p><b>Important:<\/b> This revolver cannot fire real bullets and is intended for decorative purposes, historical reenactments or similar. It is not recommended to use bullets without cap gun powder shots, as this may damage the revolver and\/or bullet. It is also recommended to lubricate the parts of the mechanism regularly. Experience the Wild West with this wonderful Colt revolver replica from Kolser!<\/p>\n<h3><span class=\"ez-toc-section\" id=\"Authentic_Design_and_Materials\"><\/span>Authentic Design and Materials<span class=\"ez-toc-section-end\"><\/span><\/h3>\n<p>The Colt 45 Peacemaker Sheriff's revolver USA 1873 2.25\" replica model is available in brass, blued, nickel-plated and aged metal finishes, achieved through manual processes on each part of the gun. The grip is made of real wood or a high-quality handle in either faux ivory, faux bone or faux wood, recreating one of the Old West's most iconic revolvers.<\/p>\n<h3><span class=\"ez-toc-section\" id=\"Realistic_Mechanism\"><\/span>Realistic Mechanism<span class=\"ez-toc-section-end\"><\/span><\/h3>\n<p>The design of this replica model is based on the actual hand-assembled model and has enough parts to provide a more realistic trigger experience. This Colt Single Action replica has a working mechanism and a reloadable rotating cylinder for Kolser manufactured imitation bullets that are also adapted for cap gun powder. Enhance your collection with this amazing replica! <a href=\"https:\/\/jjcustomworks.se\/en\/product-category\/other_products\/replica-guns\/replicas-older-historical\/\">View our selection of replica guns<\/a>.<\/p>\n<p>Explore our range of <a href=\"https:\/\/jjcustomworks.se\/en\/store\/\">similar Kolser replica weapons<\/a> to find more historical replicas. Visit <a href=\"https:\/\/jjcustomworks.se\/en\/\">our website<\/a> to see our full range!<\/p>","protected":false},"excerpt":{"rendered":"<p>K\u00f6p en h\u00f6gkvalitativ replika av en Sheriff&#8217;s Colt Peacemaker Revolver med en exakt 1:1 skala och en 2,25&#8243; pipa fr\u00e5n Kolser. Utforska v\u00e5r breda kollektion av autentiska replikavapen till oslagbara priser. Best\u00e4ll nu f\u00f6r en realistisk och sp\u00e4nnande upplevelse!<\/p>","protected":false},"featured_media":62923,"template":"","meta":[],"product_brand":[],"product_cat":[826],"product_tag":[],"class_list":{"0":"post-60056","1":"product","2":"type-product","3":"status-publish","4":"has-post-thumbnail","6":"product_cat-replica-western","8":"first","9":"outofstock","10":"taxable","11":"shipping-taxable","12":"product-type-variable"},"_links":{"self":[{"href":"https:\/\/jjcustomworks.se\/en\/wp-json\/wp\/v2\/product\/60056","targetHints":{"allow":["GET"]}}],"collection":[{"href":"https:\/\/jjcustomworks.se\/en\/wp-json\/wp\/v2\/product"}],"about":[{"href":"https:\/\/jjcustomworks.se\/en\/wp-json\/wp\/v2\/types\/product"}],"wp:featuredmedia":[{"embeddable":true,"href":"https:\/\/jjcustomworks.se\/en\/wp-json\/wp\/v2\/media\/62923"}],"wp:attachment":[{"href":"https:\/\/jjcustomworks.se\/en\/wp-json\/wp\/v2\/media?parent=60056"}],"wp:term":[{"taxonomy":"product_brand","embeddable":true,"href":"https:\/\/jjcustomworks.se\/en\/wp-json\/wp\/v2\/product_brand?post=60056"},{"taxonomy":"product_cat","embeddable":true,"href":"https:\/\/jjcustomworks.se\/en\/wp-json\/wp\/v2\/product_cat?post=60056"},{"taxonomy":"product_tag","embeddable":true,"href":"https:\/\/jjcustomworks.se\/en\/wp-json\/wp\/v2\/product_tag?post=60056"}],"curies":[{"name":"wp","href":"https:\/\/api.w.org\/{rel}","templated":true}]}}