{"id":59548,"date":"2025-03-14T14:53:24","date_gmt":"2025-03-14T13:53:24","guid":{"rendered":"https:\/\/jjcustomworks.se\/product\/sw-350b-samurai-sword\/"},"modified":"2026-04-11T15:57:41","modified_gmt":"2026-04-11T13:57:41","slug":"sw-350b-stainless-steel-samurai-sword","status":"publish","type":"product","link":"https:\/\/jjcustomworks.se\/en\/product\/sw-350b-stainless-steel-samurai-sword\/","title":{"rendered":"SW-350B Stainless Steel Samurai Sword"},"content":{"rendered":"<h1><span class=\"ez-toc-section\" id=\"SW-350B_Samurai_Sword\"><\/span>SW-350B Samurai Sword<span class=\"ez-toc-section-end\"><\/span><\/h1>\n<h2><span class=\"ez-toc-section\" id=\"Authentic_Samurai_Sword_for_Display\"><\/span>Authentic Samurai Sword for Display<span class=\"ez-toc-section-end\"><\/span><\/h2>\n<p>This <b>SW-350B Samurai Sword<\/b> from Blades USA is a perfect display sword for those who appreciate oriental weapons. With an overall length of 41.5 inches (approximately 105 cm), this katana-inspired sword captures the essence of traditional samurai art. The stainless steel ensures long durability and makes it an excellent collectible. A \"Budd's sword\", or rather an East Asian style sword, which includes a collector's hang tag.<\/p>\n<h3><span class=\"ez-toc-section\" id=\"Specifications\"><\/span>Specifications:<span class=\"ez-toc-section-end\"><\/span><\/h3>\n<ul>\n  <li><b>Type:<\/b> Display Sword \/ Collectible Sword<\/li>\n  <li><b>Style:<\/b> Oriental \/ Katana<\/li>\n  <li><b>Overall Length:<\/b> 41.5 inches (105 cm)<\/li>\n  <li><b>Material:<\/b> Stainless Steel<\/li>\n  <li><b>Included:<\/b> Collector's Hang Tag<\/li>\n<\/ul>\n\n<p>Show off your passion for Japanese culture with this beautiful samurai sword. Perfect for enthusiasts and collectors alike. Discover our range of <a href=\"https:\/\/jjcustomworks.se\/en\/store\/\">other collectible swords<\/a> and don't miss our wide selection of <a href=\"https:\/\/jjcustomworks.se\/en\/product-category\/other_products\/other-jewelry\/\">oriental weapons<\/a>. Visit our <a href=\"https:\/\/jjcustomworks.se\/en\/\">website<\/a> to see our full range.<\/p>","protected":false},"excerpt":{"rendered":"<p>K\u00f6p SW-350B samurajsv\u00e4rd online &#8211; H\u00f6gkvalitativa sv\u00e4rd f\u00f6r samlare och entusiaster | K\u00f6p ditt samurajsv\u00e4rd hos oss idag och upplev autentiskt hantverk av h\u00f6gsta kvalitet.<\/p>","protected":false},"featured_media":59544,"template":"","meta":[],"product_brand":[],"product_cat":[1275],"product_tag":[],"class_list":{"0":"post-59548","1":"product","2":"type-product","3":"status-publish","4":"has-post-thumbnail","6":"product_cat-swords-europe","8":"first","9":"instock","10":"taxable","11":"shipping-taxable","12":"purchasable","13":"product-type-simple"},"_links":{"self":[{"href":"https:\/\/jjcustomworks.se\/en\/wp-json\/wp\/v2\/product\/59548","targetHints":{"allow":["GET"]}}],"collection":[{"href":"https:\/\/jjcustomworks.se\/en\/wp-json\/wp\/v2\/product"}],"about":[{"href":"https:\/\/jjcustomworks.se\/en\/wp-json\/wp\/v2\/types\/product"}],"wp:featuredmedia":[{"embeddable":true,"href":"https:\/\/jjcustomworks.se\/en\/wp-json\/wp\/v2\/media\/59544"}],"wp:attachment":[{"href":"https:\/\/jjcustomworks.se\/en\/wp-json\/wp\/v2\/media?parent=59548"}],"wp:term":[{"taxonomy":"product_brand","embeddable":true,"href":"https:\/\/jjcustomworks.se\/en\/wp-json\/wp\/v2\/product_brand?post=59548"},{"taxonomy":"product_cat","embeddable":true,"href":"https:\/\/jjcustomworks.se\/en\/wp-json\/wp\/v2\/product_cat?post=59548"},{"taxonomy":"product_tag","embeddable":true,"href":"https:\/\/jjcustomworks.se\/en\/wp-json\/wp\/v2\/product_tag?post=59548"}],"curies":[{"name":"wp","href":"https:\/\/api.w.org\/{rel}","templated":true}]}}