{"id":59311,"date":"2025-03-14T14:50:00","date_gmt":"2025-03-14T13:50:00","guid":{"rendered":"https:\/\/jjcustomworks.se\/product\/2-pack-of-throwing-knives\/"},"modified":"2026-04-24T17:05:37","modified_gmt":"2026-04-24T15:05:37","slug":"2-pack-throwing-knives","status":"publish","type":"product","link":"https:\/\/jjcustomworks.se\/en\/product\/2-pack-throwing-knives\/","title":{"rendered":"2-Pack Throwing Knives | Master Cutlery"},"content":{"rendered":"<h1><span class=\"ez-toc-section\" id=\"2-Pack_Throwing_Knives\"><\/span>2-Pack Throwing Knives<span class=\"ez-toc-section-end\"><\/span><\/h1>\n<h2><span class=\"ez-toc-section\" id=\"Master_Cutlery_Throwing_Knife_Set\"><\/span>Master Cutlery Throwing Knife Set<span class=\"ez-toc-section-end\"><\/span><\/h2>\n<p>This 2-pack of throwing knives from Master Cutlery is perfect for both beginners and experienced throwers. The set includes two throwing knives made of stainless steel, ensuring long durability and reliability. The knives are designed to be well-balanced and easy to handle, making them ideal for precision throwing.<\/p>\n<h3><span class=\"ez-toc-section\" id=\"Specifications\"><\/span>Specifications:<span class=\"ez-toc-section-end\"><\/span><\/h3>\n<ul>\n  <li><strong>Overall Length:<\/strong> 8.75 inches<\/li>\n  <li><strong>Material:<\/strong> Stainless steel<\/li>\n  <li><strong>Blade:<\/strong> Silver blade with blood groove<\/li>\n  <li><strong>Handle:<\/strong> Silver stainless steel handle<\/li>\n  <li><strong>Sheath:<\/strong> Includes nylon sheath for safe storage and transport<\/li>\n<\/ul>\n<p>Knife throwing is a traditional art and sport that can be a fun activity for the whole family. With a little patience, it is relatively easy to learn the basics. These throwing knives are not toys and should be handled with adult supervision. Remember that the purchase of throwing knives requires to be at least 18 years old. Always be careful when throwing \u2013 never aim the knives at people or animals, and make sure there are no fragile objects near the target.<\/p>\n<p>These throwing knives are only intended for use against suitable targets. Smaller throwing knives under 10 inches that do not weigh much can be thrown at regular dartboards. For larger and heavier competition knives, a real wooden target is recommended. Several layers of cardboard can also serve as a good target. Keep in mind that steel can bounce off steel and other hard surfaces.<\/p>\n<p>Explore our wide range of <a href=\"https:\/\/jjcustomworks.se\/en\/store\/\">other knives and accessories<\/a> to complement your equipment. You can also find <a href=\"https:\/\/jjcustomworks.se\/en\/product-category\/other_products\/axes\/axes-with-wood-handle\/\">various types of knives<\/a> to suit all your needs. Visit our <a href=\"https:\/\/jjcustomworks.se\/en\/\">homepage<\/a> to see our full selection.<\/p>","protected":false},"excerpt":{"rendered":"<p>Hitta de b\u00e4sta kastknivarna i 2-pack till b\u00e4sta pris hos oss. Perfekt f\u00f6r tr\u00e4ning eller t\u00e4vling. K\u00f6p nu och f\u00e5 snabb leverans!<\/p>","protected":false},"featured_media":59304,"template":"","meta":[],"product_brand":[],"product_cat":[908],"product_tag":[],"class_list":{"0":"post-59311","1":"product","2":"type-product","3":"status-publish","4":"has-post-thumbnail","6":"product_cat-kastkniv","8":"first","9":"outofstock","10":"featured","11":"taxable","12":"shipping-taxable","13":"purchasable","14":"product-type-simple"},"_links":{"self":[{"href":"https:\/\/jjcustomworks.se\/en\/wp-json\/wp\/v2\/product\/59311","targetHints":{"allow":["GET"]}}],"collection":[{"href":"https:\/\/jjcustomworks.se\/en\/wp-json\/wp\/v2\/product"}],"about":[{"href":"https:\/\/jjcustomworks.se\/en\/wp-json\/wp\/v2\/types\/product"}],"wp:featuredmedia":[{"embeddable":true,"href":"https:\/\/jjcustomworks.se\/en\/wp-json\/wp\/v2\/media\/59304"}],"wp:attachment":[{"href":"https:\/\/jjcustomworks.se\/en\/wp-json\/wp\/v2\/media?parent=59311"}],"wp:term":[{"taxonomy":"product_brand","embeddable":true,"href":"https:\/\/jjcustomworks.se\/en\/wp-json\/wp\/v2\/product_brand?post=59311"},{"taxonomy":"product_cat","embeddable":true,"href":"https:\/\/jjcustomworks.se\/en\/wp-json\/wp\/v2\/product_cat?post=59311"},{"taxonomy":"product_tag","embeddable":true,"href":"https:\/\/jjcustomworks.se\/en\/wp-json\/wp\/v2\/product_tag?post=59311"}],"curies":[{"name":"wp","href":"https:\/\/api.w.org\/{rel}","templated":true}]}}