{"id":59011,"date":"2025-03-14T14:46:47","date_gmt":"2025-03-14T13:46:47","guid":{"rendered":"https:\/\/jjcustomworks.se\/product\/sw-319-samurai-sword\/"},"modified":"2026-03-05T09:13:35","modified_gmt":"2026-03-05T08:13:35","slug":"sw-319-samurai-sword","status":"publish","type":"product","link":"https:\/\/jjcustomworks.se\/en\/product\/sw-319-samurai-sword\/","title":{"rendered":"SW-319 Samurai Sword Katana | Blades USA"},"content":{"rendered":"<h1><span class=\"ez-toc-section\" id=\"SW-319_Samurai_Sword_Katana\"><\/span>SW-319 Samurai Sword Katana<span class=\"ez-toc-section-end\"><\/span><\/h1>\n<h2><span class=\"ez-toc-section\" id=\"A_decorative_Samurai_sword_for_display\"><\/span>A decorative Samurai sword for display<span class=\"ez-toc-section-end\"><\/span><\/h2>\n<p>This 41.5\" long Samurai sword, also known as a Katana, is perfect for display. The sword is made of stainless steel and has an engraved Samurai inscription on the blade and a collector's tag. The scabbard is matte black and has a hand-carved Samurai bushido code. A display case is included so you can display your sword in style.<\/p>\n<h3><span class=\"ez-toc-section\" id=\"Properties\"><\/span>Properties:<span class=\"ez-toc-section-end\"><\/span><\/h3>\n<ul>\n <li><strong>Length:<\/strong> 41.5 inches (Katana)<\/li>\n <li><strong>Material:<\/strong> Stainless steel<\/li>\n <li><strong>Inscription:<\/strong> Engraved Samurai inscription on the blade<\/li>\n <li><strong>Sheath:<\/strong> Matte black with hand-carved Samurai bushido code<\/li>\n <li><strong>Accessories:<\/strong> Display case included<\/li>\n<\/ul>\n<p>The Samurai sword symbolizes loyalty, courage and morality. Show your appreciation for these values \u200b\u200bwith this decorative sword. You can find other <a href=\"https:\/\/jjcustomworks.se\/en\/store\/\">samurai sword<\/a> in our range. Visit our <a href=\"https:\/\/jjcustomworks.se\/en\/product-category\/other_products\/swords\/swords-japan\/\">weapons category<\/a> to see more similar products, or visit our <a href=\"https:\/\/jjcustomworks.se\/en\/\">homepage<\/a> to see our full range.<\/p>","protected":false},"excerpt":{"rendered":"<p>K\u00f6p SW-319 samurajsv\u00e4rd online &#8211; H\u00f6gkvalitativa samurajsv\u00e4rd till f\u00f6rm\u00e5nliga priser. Utforska v\u00e5rt sortiment av autentiska samurajsv\u00e4rd och hitta det perfekta sv\u00e4rdet f\u00f6r din samling eller som en unik present. Best\u00e4ll nu och f\u00e5 snabb leverans och fri frakt.<\/p>","protected":false},"featured_media":59008,"template":"","meta":[],"product_brand":[],"product_cat":[1275],"product_tag":[],"class_list":{"0":"post-59011","1":"product","2":"type-product","3":"status-publish","4":"has-post-thumbnail","6":"product_cat-swords-europe","8":"first","9":"outofstock","10":"sale","11":"taxable","12":"shipping-taxable","13":"purchasable","14":"product-type-simple"},"_links":{"self":[{"href":"https:\/\/jjcustomworks.se\/en\/wp-json\/wp\/v2\/product\/59011","targetHints":{"allow":["GET"]}}],"collection":[{"href":"https:\/\/jjcustomworks.se\/en\/wp-json\/wp\/v2\/product"}],"about":[{"href":"https:\/\/jjcustomworks.se\/en\/wp-json\/wp\/v2\/types\/product"}],"wp:featuredmedia":[{"embeddable":true,"href":"https:\/\/jjcustomworks.se\/en\/wp-json\/wp\/v2\/media\/59008"}],"wp:attachment":[{"href":"https:\/\/jjcustomworks.se\/en\/wp-json\/wp\/v2\/media?parent=59011"}],"wp:term":[{"taxonomy":"product_brand","embeddable":true,"href":"https:\/\/jjcustomworks.se\/en\/wp-json\/wp\/v2\/product_brand?post=59011"},{"taxonomy":"product_cat","embeddable":true,"href":"https:\/\/jjcustomworks.se\/en\/wp-json\/wp\/v2\/product_cat?post=59011"},{"taxonomy":"product_tag","embeddable":true,"href":"https:\/\/jjcustomworks.se\/en\/wp-json\/wp\/v2\/product_tag?post=59011"}],"curies":[{"name":"wp","href":"https:\/\/api.w.org\/{rel}","templated":true}]}}