{"id":58804,"date":"2025-03-14T14:44:41","date_gmt":"2025-03-14T13:44:41","guid":{"rendered":"https:\/\/jjcustomworks.se\/product\/perfect-point-3-pack-throwing-knives-19\/"},"modified":"2026-04-10T18:17:34","modified_gmt":"2026-04-10T16:17:34","slug":"perfect-point-3-pack-throwing-knives-19","status":"publish","type":"product","link":"https:\/\/jjcustomworks.se\/en\/product\/perfect-point-3-pack-throwing-knives-19\/","title":{"rendered":"Perfect Point Throwing Knives- 3-Pack | High-Quality Steel"},"content":{"rendered":"<h1>PERFECT POINT - 3-PACK THROWING KNIVES<\/h1>\n<h2><span class=\"ez-toc-section\" id=\"Get_started_with_knife_throwing_with_this_set\"><\/span>Get started with knife throwing with this set!<span class=\"ez-toc-section-end\"><\/span><\/h2>\n<p><strong>PERFECT POINT<\/strong><\/p>\n<p>This 3-pack of throwing knives is perfect for both beginners and experienced throwers. The set includes three balanced knives made of high-quality stainless steel, ensuring durability and precision. Knife throwing is a fun and challenging activity that can be practiced by the whole family, but it is important to remember safety. These throwing knives are not toys and should be handled with adult supervision. Remember to always throw at a suitable target and in a safe environment.<\/p>\n<h3><span class=\"ez-toc-section\" id=\"Product_Specifications\"><\/span>Product Specifications:<span class=\"ez-toc-section-end\"><\/span><\/h3>\n<ul>\n <li>Throwing Knife Set<\/li>\n <li>9&quot; OVERALLS<\/li>\n <li>STAINLESS STEEL<\/li>\n <li>BLACK BLADE WITH SILVER GRINDING LINE<\/li>\n <li>BLACK STAINLESS STEEL HANDLE<\/li>\n <li>INCLUDES NYLON SHEATH<\/li>\n<\/ul>\n<h3><span class=\"ez-toc-section\" id=\"Safety_Regulations\"><\/span>Safety Regulations:<span class=\"ez-toc-section-end\"><\/span><\/h3>\n<p>Knife throwing is an ancient art and sport that can also be a pleasure for the whole family. Relatively easy to learn if you have a little patience.<br>Note that these are not toys and that throwing knives are pointed and sometimes sharp and should not be handled without adult supervision. Of course, the age limit for purchases is 18 years.<br>Never throw in the same direction as other people or animals and be sure not to have fragile objects near the target.<\/p>\n<h3><span class=\"ez-toc-section\" id=\"Usage_Tips\"><\/span>Usage Tips:<span class=\"ez-toc-section-end\"><\/span><\/h3>\n<p>Only intended to be thrown only at a suitable target! Smaller throwing knives under 10\" that do not weigh much can advantageously be thrown at regular dartboards. For larger\/heavier competition knives, we recommend a real wooden target.<br>Several layers of cardboard can also be a good target. Keep in mind that steel bounces against steel and other hard surfaces.<\/p>\n<p>Discover our range of <a href=\"https:\/\/jjcustomworks.se\/en\/store\/\">other throwing knives<\/a> and complete your equipment. Visit our <a href=\"https:\/\/jjcustomworks.se\/en\/product-category\/handmade\/handmade-knives\/\">knife category<\/a> to see all our products. For more information about our range, visit our <a href=\"https:\/\/jjcustomworks.se\/en\/\">website<\/a>.<\/p>","protected":false},"excerpt":{"rendered":"<p>K\u00f6p v\u00e5rt 3-pack med Perfect Point kastknivar f\u00f6r en perfekt precision och tr\u00e4ffs\u00e4kerhet. Med dessa kastknivar kan du f\u00f6rb\u00e4ttra dina f\u00e4rdigheter och imponera p\u00e5 v\u00e4nner och familj. Best\u00e4ll nu och f\u00e5 en komplett upps\u00e4ttning av h\u00f6gkvalitativa kastknivar f\u00f6r din tr\u00e4ning och underh\u00e5llning.<\/p>","protected":false},"featured_media":58802,"template":"","meta":[],"product_brand":[],"product_cat":[908],"product_tag":[],"class_list":{"0":"post-58804","1":"product","2":"type-product","3":"status-publish","4":"has-post-thumbnail","6":"product_cat-kastkniv","8":"first","9":"outofstock","10":"sale","11":"taxable","12":"shipping-taxable","13":"purchasable","14":"product-type-simple"},"_links":{"self":[{"href":"https:\/\/jjcustomworks.se\/en\/wp-json\/wp\/v2\/product\/58804","targetHints":{"allow":["GET"]}}],"collection":[{"href":"https:\/\/jjcustomworks.se\/en\/wp-json\/wp\/v2\/product"}],"about":[{"href":"https:\/\/jjcustomworks.se\/en\/wp-json\/wp\/v2\/types\/product"}],"wp:featuredmedia":[{"embeddable":true,"href":"https:\/\/jjcustomworks.se\/en\/wp-json\/wp\/v2\/media\/58802"}],"wp:attachment":[{"href":"https:\/\/jjcustomworks.se\/en\/wp-json\/wp\/v2\/media?parent=58804"}],"wp:term":[{"taxonomy":"product_brand","embeddable":true,"href":"https:\/\/jjcustomworks.se\/en\/wp-json\/wp\/v2\/product_brand?post=58804"},{"taxonomy":"product_cat","embeddable":true,"href":"https:\/\/jjcustomworks.se\/en\/wp-json\/wp\/v2\/product_cat?post=58804"},{"taxonomy":"product_tag","embeddable":true,"href":"https:\/\/jjcustomworks.se\/en\/wp-json\/wp\/v2\/product_tag?post=58804"}],"curies":[{"name":"wp","href":"https:\/\/api.w.org\/{rel}","templated":true}]}}