{"id":58741,"date":"2025-03-14T14:44:02","date_gmt":"2025-03-14T13:44:02","guid":{"rendered":"https:\/\/jjcustomworks.se\/product\/perfect-point-3-pack-throwing-knives-12\/"},"modified":"2026-02-25T17:30:35","modified_gmt":"2026-02-25T16:30:35","slug":"perfect-point-throwing-knives-3-pack-12","status":"publish","type":"product","link":"https:\/\/jjcustomworks.se\/en\/product\/perfect-point-throwing-knives-3-pack-12\/","title":{"rendered":"Perfect Point Throwing Knives 3-Pack | Training Set"},"content":{"rendered":"<h1>PERFECT POINT - 3-PACK THROWING KNIVES<\/h1>\n<h2><span class=\"ez-toc-section\" id=\"Complete_Throwing_Knife_Set\"><\/span>Complete Throwing Knife Set<span class=\"ez-toc-section-end\"><\/span><\/h2>\n<p>This <strong>Perfect Point<\/strong> throwing knife set includes everything you need to get started with knife throwing. The set includes three throwing knives, each with an overall length of 7.5 inches and a unique, embossed dragon design. It also comes with a practical nylon sheath for safe storage and transport. <a href=\"https:\/\/jjcustomworks.se\/en\/store\/\">See our range of other throwing knives<\/a>.<\/p>\n\n<h3><span class=\"ez-toc-section\" id=\"Features\"><\/span>Features<span class=\"ez-toc-section-end\"><\/span><\/h3>\n<ul>\n    <li>Set of three throwing knives<\/li>\n    <li>Overall length: 7.5 inches<\/li>\n    <li>Embossed dragon design<\/li>\n    <li>Includes nylon sheath<\/li>\n<\/ul>\n\n<h3><span class=\"ez-toc-section\" id=\"Safety_Instructions\"><\/span>Safety Instructions<span class=\"ez-toc-section-end\"><\/span><\/h3>\n<p>Knife throwing is a traditional art that can be a fun activity for the whole family. It is relatively easy to learn the basics with a little patience. Remember that these are not toys. Throwing knives are pointed and can be sharp, so adult supervision is required. By law, you must be at least 18 years old to purchase these knives. <a href=\"https:\/\/jjcustomworks.se\/en\/product-category\/other_products\/swords\/swords-japan\/\">Explore our different knife sets<\/a> for the best choice.<\/p>\n\n<h3><span class=\"ez-toc-section\" id=\"Things_to_consider_when_using\"><\/span>Things to consider when using<span class=\"ez-toc-section-end\"><\/span><\/h3>\n<p>Never throw in the direction of people or animals. Make sure there are no fragile objects near your target. These knives are only intended for throwing at suitable targets. Smaller throwing knives under 10 inches that do not weigh much can be thrown at regular dartboards. For larger and heavier competition knives, a wooden target is recommended. You can also use several layers of cardboard as a target. Keep in mind that steel can bounce off steel and other hard surfaces. <a href=\"https:\/\/jjcustomworks.se\/en\/\">Visit our website<\/a> for more products and safety information.<\/p>","protected":false},"excerpt":{"rendered":"<p>K\u00f6p v\u00e5rt 3-pack med Perfect Point kastknivar f\u00f6r en perfekt precision och tr\u00e4ffs\u00e4kerhet. Med dessa kastknivar kan du f\u00f6rb\u00e4ttra dina f\u00e4rdigheter och imponera p\u00e5 v\u00e4nner och familj. Best\u00e4ll nu och f\u00e5 en komplett upps\u00e4ttning av h\u00f6gkvalitativa kastknivar f\u00f6r din tr\u00e4ning och underh\u00e5llning.<\/p>","protected":false},"featured_media":58724,"template":"","meta":[],"product_brand":[],"product_cat":[908],"product_tag":[],"class_list":{"0":"post-58741","1":"product","2":"type-product","3":"status-publish","4":"has-post-thumbnail","6":"product_cat-kastkniv","8":"first","9":"instock","10":"sale","11":"taxable","12":"shipping-taxable","13":"purchasable","14":"product-type-simple"},"_links":{"self":[{"href":"https:\/\/jjcustomworks.se\/en\/wp-json\/wp\/v2\/product\/58741","targetHints":{"allow":["GET"]}}],"collection":[{"href":"https:\/\/jjcustomworks.se\/en\/wp-json\/wp\/v2\/product"}],"about":[{"href":"https:\/\/jjcustomworks.se\/en\/wp-json\/wp\/v2\/types\/product"}],"wp:featuredmedia":[{"embeddable":true,"href":"https:\/\/jjcustomworks.se\/en\/wp-json\/wp\/v2\/media\/58724"}],"wp:attachment":[{"href":"https:\/\/jjcustomworks.se\/en\/wp-json\/wp\/v2\/media?parent=58741"}],"wp:term":[{"taxonomy":"product_brand","embeddable":true,"href":"https:\/\/jjcustomworks.se\/en\/wp-json\/wp\/v2\/product_brand?post=58741"},{"taxonomy":"product_cat","embeddable":true,"href":"https:\/\/jjcustomworks.se\/en\/wp-json\/wp\/v2\/product_cat?post=58741"},{"taxonomy":"product_tag","embeddable":true,"href":"https:\/\/jjcustomworks.se\/en\/wp-json\/wp\/v2\/product_tag?post=58741"}],"curies":[{"name":"wp","href":"https:\/\/api.w.org\/{rel}","templated":true}]}}