{"id":58733,"date":"2025-03-14T14:43:58","date_gmt":"2025-03-14T13:43:58","guid":{"rendered":"https:\/\/jjcustomworks.se\/product\/perfect-point-3-pack-throwing-knives-10\/"},"modified":"2026-03-28T15:57:37","modified_gmt":"2026-03-28T14:57:37","slug":"perfect-point-3-pack-throwing-knives-10","status":"publish","type":"product","link":"https:\/\/jjcustomworks.se\/en\/product\/perfect-point-3-pack-throwing-knives-10\/","title":{"rendered":"Perfect Point Throwing Knives - 3-Pack | Stainless Steel"},"content":{"rendered":"<h1>PERFECT POINT - 3-PACK THROWING KNIVES<\/h1>\n<h2><span class=\"ez-toc-section\" id=\"Throwing_Knife_Set_for_Sport_and_Recreation\"><\/span>Throwing Knife Set for Sport and Recreation<span class=\"ez-toc-section-end\"><\/span><\/h2>\n<p>The <strong>PERFECT POINT<\/strong> throwing knife set is ideal for both beginners and experienced practitioners. This set includes three throwing knives designed for optimal balance and precision. With an overall length of 9 inches, these knives are easy to handle and throw. The handle is wrapped with black cord for a comfortable and secure grip.<\/p>\n<h3><span class=\"ez-toc-section\" id=\"Specifications\"><\/span>Specifications:<span class=\"ez-toc-section-end\"><\/span><\/h3>\n<ul>\n <li>Set of three throwing knives<\/li>\n <li>9&quot; overall length<\/li>\n <li>Made of stainless steel<\/li>\n <li>Black blade<\/li>\n <li>Black cord wrapped handle<\/li>\n <li>Includes nylon sheath<\/li>\n<\/ul>\n<p>Knife throwing is an entertaining sport that can be enjoyed by the whole family. Only patience and a suitable target are required to start. Please note that these are not toys and must be handled with adult supervision. An age limit of 18 years applies to purchase. Never throw in the same direction as other people or animals and be sure not to have fragile objects near the target. These throwing knives are only intended to be thrown at a suitable target. Smaller throwing knives under 10&quot; that do not weigh much can be thrown at regular dartboards. For larger\/heavier competition knives, a wooden target is recommended. Several layers of cardboard can also serve as a target. Keep in mind that steel bounces off steel and other hard surfaces.<\/p>\n<p>The included nylon sheath makes it easy to store and transport your knives safely. Stainless steel ensures durability and long-lasting performance. The handle is designed for a comfortable and secure grip, giving you full control over your throws. To see our range of other <a href=\"https:\/\/jjcustomworks.se\/en\/store\/\">throwing knives<\/a>, visit our website. Be sure to also check out our <a href=\"https:\/\/jjcustomworks.se\/en\/product-category\/other_products\/swords\/swords-japan\/\">other products<\/a> to complete your equipment. Take advantage of this fantastic <a href=\"https:\/\/jjcustomworks.se\/en\/\">victims<\/a> today!<\/p>","protected":false},"excerpt":{"rendered":"<p>K\u00f6p v\u00e5rt 3-pack med Perfect Point kastknivar f\u00f6r en perfekt precision och tr\u00e4ffs\u00e4kerhet. Med dessa kastknivar kan du f\u00f6rb\u00e4ttra dina f\u00e4rdigheter och imponera p\u00e5 v\u00e4nner och familj. Best\u00e4ll nu och f\u00e5 en komplett upps\u00e4ttning av h\u00f6gkvalitativa kastknivar f\u00f6r din tr\u00e4ning och underh\u00e5llning.<\/p>","protected":false},"featured_media":58719,"template":"","meta":[],"product_brand":[],"product_cat":[908],"product_tag":[],"class_list":{"0":"post-58733","1":"product","2":"type-product","3":"status-publish","4":"has-post-thumbnail","6":"product_cat-kastkniv","8":"first","9":"instock","10":"sale","11":"taxable","12":"shipping-taxable","13":"purchasable","14":"product-type-simple"},"_links":{"self":[{"href":"https:\/\/jjcustomworks.se\/en\/wp-json\/wp\/v2\/product\/58733","targetHints":{"allow":["GET"]}}],"collection":[{"href":"https:\/\/jjcustomworks.se\/en\/wp-json\/wp\/v2\/product"}],"about":[{"href":"https:\/\/jjcustomworks.se\/en\/wp-json\/wp\/v2\/types\/product"}],"wp:featuredmedia":[{"embeddable":true,"href":"https:\/\/jjcustomworks.se\/en\/wp-json\/wp\/v2\/media\/58719"}],"wp:attachment":[{"href":"https:\/\/jjcustomworks.se\/en\/wp-json\/wp\/v2\/media?parent=58733"}],"wp:term":[{"taxonomy":"product_brand","embeddable":true,"href":"https:\/\/jjcustomworks.se\/en\/wp-json\/wp\/v2\/product_brand?post=58733"},{"taxonomy":"product_cat","embeddable":true,"href":"https:\/\/jjcustomworks.se\/en\/wp-json\/wp\/v2\/product_cat?post=58733"},{"taxonomy":"product_tag","embeddable":true,"href":"https:\/\/jjcustomworks.se\/en\/wp-json\/wp\/v2\/product_tag?post=58733"}],"curies":[{"name":"wp","href":"https:\/\/api.w.org\/{rel}","templated":true}]}}