{"id":58701,"date":"2025-03-14T14:43:36","date_gmt":"2025-03-14T13:43:36","guid":{"rendered":"https:\/\/jjcustomworks.se\/product\/perfect-point-2-pack-throwing-knives\/"},"modified":"2026-04-02T21:47:33","modified_gmt":"2026-04-02T19:47:33","slug":"perfect-point-throwing-knives-2-pack-6","status":"publish","type":"product","link":"https:\/\/jjcustomworks.se\/en\/product\/perfect-point-throwing-knives-2-pack-6\/","title":{"rendered":"Perfect Point Throwing Knives - 2-Pack | Quality Set"},"content":{"rendered":"<h1>PERFECT POINT - 2-PACK THROWING KNIVES<\/h1><h2><span class=\"ez-toc-section\" id=\"Throw_Accurately_with_This_Set\"><\/span>Throw Accurately with This Set<span class=\"ez-toc-section-end\"><\/span><\/h2><p>This <strong>Perfect Point<\/strong> throwing knife set includes two throwing knives that are perfect for both beginners and experienced throwers. The set is designed to provide a balanced and accurate throwing experience.<\/p><ul><li>Set of two throwing knives<\/li><li>9&quot; overall length<\/li><li>4&quot; blade, 3mm thick stainless steel<\/li><li>Heat transfer and satin blade with thunder graphic design<\/li><li>Stainless steel heat transfer handle<\/li><li>Includes 1680D nylon pouch<\/li><\/ul><h3><span class=\"ez-toc-section\" id=\"Learn_Knife_Throwing\"><\/span>Learn Knife Throwing<span class=\"ez-toc-section-end\"><\/span><\/h3><p>Knife throwing is an art and sport that can be enjoyed by the whole family. It is relatively easy to learn with a little patience. Please note that these are not toys and that throwing knives are pointed and sometimes sharp. Always handle them with adult supervision. By law, you must be 18 years or older to purchase these knives. Never throw in the same direction as other people or animals and be sure not to have fragile objects near the target.<\/p><p>These throwing knives are only intended to be thrown at a suitable target! Smaller throwing knives under 10&quot; that do not weigh much can be thrown at regular dartboards. For larger\/heavier competition knives, we recommend a real wooden target. Several layers of cardboard can also make a good target. Keep in mind that steel bounces off steel and other hard surfaces.<\/p><p>Explore our range of <a href=\"https:\/\/jjcustomworks.se\/en\/store\/\">other throwing knives<\/a> to find the perfect set for your needs. Visit our <a href=\"https:\/\/jjcustomworks.se\/en\/product-category\/other_products\/swords\/swords-japan\/\">leisure category<\/a> to discover more exciting products. For more information about our products, visit <a href=\"https:\/\/jjcustomworks.se\/en\/\">our website<\/a>.<\/p>","protected":false},"excerpt":{"rendered":"<p>K\u00f6p dina 2-pack kastknivar fr\u00e5n Perfect Point f\u00f6r perfekt precision och tr\u00e4ffs\u00e4kerhet. Perfekt f\u00f6r b\u00e5de nyb\u00f6rjare och erfarna kastknivs-entusiaster. Best\u00e4ll idag f\u00f6r snabb leverans och njut av enast\u00e5ende kvalitet och prestanda.<\/p>","protected":false},"featured_media":58685,"template":"","meta":[],"product_brand":[],"product_cat":[908],"product_tag":[],"class_list":{"0":"post-58701","1":"product","2":"type-product","3":"status-publish","4":"has-post-thumbnail","6":"product_cat-kastkniv","8":"first","9":"instock","10":"sale","11":"taxable","12":"shipping-taxable","13":"purchasable","14":"product-type-simple"},"_links":{"self":[{"href":"https:\/\/jjcustomworks.se\/en\/wp-json\/wp\/v2\/product\/58701","targetHints":{"allow":["GET"]}}],"collection":[{"href":"https:\/\/jjcustomworks.se\/en\/wp-json\/wp\/v2\/product"}],"about":[{"href":"https:\/\/jjcustomworks.se\/en\/wp-json\/wp\/v2\/types\/product"}],"wp:featuredmedia":[{"embeddable":true,"href":"https:\/\/jjcustomworks.se\/en\/wp-json\/wp\/v2\/media\/58685"}],"wp:attachment":[{"href":"https:\/\/jjcustomworks.se\/en\/wp-json\/wp\/v2\/media?parent=58701"}],"wp:term":[{"taxonomy":"product_brand","embeddable":true,"href":"https:\/\/jjcustomworks.se\/en\/wp-json\/wp\/v2\/product_brand?post=58701"},{"taxonomy":"product_cat","embeddable":true,"href":"https:\/\/jjcustomworks.se\/en\/wp-json\/wp\/v2\/product_cat?post=58701"},{"taxonomy":"product_tag","embeddable":true,"href":"https:\/\/jjcustomworks.se\/en\/wp-json\/wp\/v2\/product_tag?post=58701"}],"curies":[{"name":"wp","href":"https:\/\/api.w.org\/{rel}","templated":true}]}}