{"id":58407,"date":"2025-03-14T14:40:29","date_gmt":"2025-03-14T13:40:29","guid":{"rendered":"https:\/\/jjcustomworks.se\/product\/throwing-knife-unik-design-bbk-02\/"},"modified":"2026-04-01T20:47:35","modified_gmt":"2026-04-01T18:47:35","slug":"throwing-knife-unique-design-bbk-02","status":"publish","type":"product","link":"https:\/\/jjcustomworks.se\/en\/product\/throwing-knife-unique-design-bbk-02\/","title":{"rendered":"Throwing Knife Unique Design BBK-02 | PreMax"},"content":{"rendered":"<h1>THROWING KNIFE - UNIQUE DESIGN - BBK-02<\/h1>\n<h2><span class=\"ez-toc-section\" id=\"Unique_throwing_knife_designed_for_all_levels\"><\/span>Unique throwing knife designed for all levels<span class=\"ez-toc-section-end\"><\/span><\/h2>\n<p>Sometimes you think - what if you could do it exactly the way you wanted? So we did.<\/p>\n<p>We have developed a number of our own designs for throwing knives and axes that we felt were lacking in supply. We have lots of simple and cheap and certainly really fun articles - and we have crazy good articles that cost a little more for real pros... But in between there was something empty, so here comes a series of throwing knives and axes that are a little bigger, a little rougher and a little better - but at a really good price! Check out our other <a href=\"https:\/\/jjcustomworks.se\/en\/store\/\">throwing knives<\/a> to discover more options.<\/p>\n<p>These throwing knives are designed to be both affordable and durable. The steel is soft and tough, which means it doesn't break easily. This makes them perfect for beginners, while still being larger and heavier than simpler commercial models. <\/p>\n<h3><span class=\"ez-toc-section\" id=\"Product_Information\"><\/span>Product Information:<span class=\"ez-toc-section-end\"><\/span><\/h3>\n<ul>\n<li>Model: Throwing Knife BBK-02<\/li>\n<li>Weight: approx. 187 grams<\/li>\n<li>Steel: approx. 4mm black powder-coated carbon steel with approx. 53 HRC<\/li>\n<li>Length: 26.5cm (from bottom to top)<\/li>\n<li>Note: The knife is delivered without a sharp edge. A rough profile is made down to -1mm.<\/li>\n<\/ul>\n<h3><span class=\"ez-toc-section\" id=\"Throw_safely\"><\/span>Throw safely<span class=\"ez-toc-section-end\"><\/span><\/h3>\n<p>Knife throwing is an ancient art and sport that can also be a pleasure for the whole family. It's fairly easy to learn if you have a little patience. Visit our <a href=\"https:\/\/jjcustomworks.se\/en\/product-category\/other_products\/swords\/swords-europe\/\">throwing knives category<\/a> to explore our selection.<\/p>\n<p>Please note that these are not toys and that throwing knives are pointed and sometimes sharp and should not be handled without adult supervision. Of course, the age limit for purchases is 18 years. Never throw in the same direction as other people or animals and be sure not to have fragile objects near the target.<\/p>\n<p>Only intended to be thrown only at a suitable target! Smaller throwing knives under 10\" that don't weigh much can be thrown at regular dartboards. For larger\/heavier competition knives, we recommend a real wooden target. Several layers of cardboard can also make a good target. Remember that steel bounces against steel and other hard surfaces. For more information about our products visit <a href=\"https:\/\/jjcustomworks.se\/en\/\">our website<\/a>.<\/p>","protected":false},"excerpt":{"rendered":"<p>K\u00f6p en unik designad kastkniv, BBK-02, f\u00f6r att \u00f6ka din precision och tr\u00e4ffs\u00e4kerhet. Utforska v\u00e5rt sortiment av h\u00f6gkvalitativa kastknivar och hitta den perfekta kniven f\u00f6r dina behov. Best\u00e4ll idag och f\u00e5 snabb leverans till din d\u00f6rr.<\/p>","protected":false},"featured_media":58405,"template":"","meta":[],"product_brand":[],"product_cat":[908],"product_tag":[],"class_list":{"0":"post-58407","1":"product","2":"type-product","3":"status-publish","4":"has-post-thumbnail","6":"product_cat-kastkniv","8":"first","9":"instock","10":"sale","11":"taxable","12":"shipping-taxable","13":"purchasable","14":"product-type-simple"},"_links":{"self":[{"href":"https:\/\/jjcustomworks.se\/en\/wp-json\/wp\/v2\/product\/58407","targetHints":{"allow":["GET"]}}],"collection":[{"href":"https:\/\/jjcustomworks.se\/en\/wp-json\/wp\/v2\/product"}],"about":[{"href":"https:\/\/jjcustomworks.se\/en\/wp-json\/wp\/v2\/types\/product"}],"wp:featuredmedia":[{"embeddable":true,"href":"https:\/\/jjcustomworks.se\/en\/wp-json\/wp\/v2\/media\/58405"}],"wp:attachment":[{"href":"https:\/\/jjcustomworks.se\/en\/wp-json\/wp\/v2\/media?parent=58407"}],"wp:term":[{"taxonomy":"product_brand","embeddable":true,"href":"https:\/\/jjcustomworks.se\/en\/wp-json\/wp\/v2\/product_brand?post=58407"},{"taxonomy":"product_cat","embeddable":true,"href":"https:\/\/jjcustomworks.se\/en\/wp-json\/wp\/v2\/product_cat?post=58407"},{"taxonomy":"product_tag","embeddable":true,"href":"https:\/\/jjcustomworks.se\/en\/wp-json\/wp\/v2\/product_tag?post=58407"}],"curies":[{"name":"wp","href":"https:\/\/api.w.org\/{rel}","templated":true}]}}