{"id":58364,"date":"2025-03-14T14:39:55","date_gmt":"2025-03-14T13:39:55","guid":{"rendered":"https:\/\/jjcustomworks.se\/product\/throwing-knife-cheap-throwing-knife-7\/"},"modified":"2026-03-16T19:54:34","modified_gmt":"2026-03-16T18:54:34","slug":"throwing-knife-cheap-throwing-knife-7","status":"publish","type":"product","link":"https:\/\/jjcustomworks.se\/en\/product\/throwing-knife-cheap-throwing-knife-7\/","title":{"rendered":"Throwing Knife 30cm | Affordable & Durable | PreMax"},"content":{"rendered":"<h1>THROWING KNIFE - CHEAP THROWING KNIFE<\/h1>\n<h2><span class=\"ez-toc-section\" id=\"Affordable_Throwing_Knife_for_All_Skill_Levels\"><\/span>Affordable Throwing Knife for All Skill Levels<span class=\"ez-toc-section-end\"><\/span><\/h2>\n<p>Unbeatable price! Discover our affordable and interesting throwing knives in many different models. This throwing knife is perfect for both beginners and experienced practitioners. With a length of 30 cm and a weight of 178 grams, it is well-balanced and easy to handle. Improve your accuracy and enjoy a relaxing time with this versatile throwing knife. Excellent for recreational throwing.<\/p>\n<p>Knife throwing is an ancient art and sport that can also be a pleasure for the whole family. It is quite easy to learn if you have a little patience. Our throwing knives are designed to give you the best possible experience, regardless of your level. Get your <a href=\"https:\/\/jjcustomworks.se\/en\/store\/\">new throwing knife<\/a> today and experience the thrill!<\/p>\n<h3><span class=\"ez-toc-section\" id=\"Important_considerations\"><\/span>Important considerations:<span class=\"ez-toc-section-end\"><\/span><\/h3>\n<ul>\n <li>Please note that these are not toys and that throwing knives are pointed and sometimes sharp and should not be handled without adult supervision.<\/li>\n <li>Of course, the age limit for purchase is 18 years.<\/li>\n <li>Never throw in the same direction as other people or animals and be sure not to have fragile objects near the target.<\/li>\n <li>Only intended to be thrown only at a suitable target!<\/li>\n<\/ul>\n<p>Smaller throwing knives under 10\" that do not weigh much can be thrown at regular dartboards with advantage. For larger\/heavier competition knives, we recommend a real wooden target. Several layers of cardboard can also be a good target. Keep in mind that steel bounces against steel and other hard surfaces. Visit our <a href=\"https:\/\/jjcustomworks.se\/en\/product-category\/handmade\/handmade-knives\/\">throwing knife category<\/a> to see all models. Are you ready to start throwing? Click <a href=\"https:\/\/jjcustomworks.se\/en\/\">here<\/a>!<\/p>","protected":false},"excerpt":{"rendered":"<p>K\u00f6p en billig kastkniv online &#8211; Hitta den perfekta kastkniven f\u00f6r dina behov till ett \u00f6verkomligt pris. Utforska v\u00e5rt sortiment av kvalitetsknivar f\u00f6r kastning och g\u00f6r ditt k\u00f6p idag!<\/p>","protected":false},"featured_media":58359,"template":"","meta":[],"product_brand":[],"product_cat":[908],"product_tag":[],"class_list":{"0":"post-58364","1":"product","2":"type-product","3":"status-publish","4":"has-post-thumbnail","6":"product_cat-kastkniv","8":"first","9":"instock","10":"sale","11":"taxable","12":"shipping-taxable","13":"purchasable","14":"product-type-simple"},"_links":{"self":[{"href":"https:\/\/jjcustomworks.se\/en\/wp-json\/wp\/v2\/product\/58364","targetHints":{"allow":["GET"]}}],"collection":[{"href":"https:\/\/jjcustomworks.se\/en\/wp-json\/wp\/v2\/product"}],"about":[{"href":"https:\/\/jjcustomworks.se\/en\/wp-json\/wp\/v2\/types\/product"}],"wp:featuredmedia":[{"embeddable":true,"href":"https:\/\/jjcustomworks.se\/en\/wp-json\/wp\/v2\/media\/58359"}],"wp:attachment":[{"href":"https:\/\/jjcustomworks.se\/en\/wp-json\/wp\/v2\/media?parent=58364"}],"wp:term":[{"taxonomy":"product_brand","embeddable":true,"href":"https:\/\/jjcustomworks.se\/en\/wp-json\/wp\/v2\/product_brand?post=58364"},{"taxonomy":"product_cat","embeddable":true,"href":"https:\/\/jjcustomworks.se\/en\/wp-json\/wp\/v2\/product_cat?post=58364"},{"taxonomy":"product_tag","embeddable":true,"href":"https:\/\/jjcustomworks.se\/en\/wp-json\/wp\/v2\/product_tag?post=58364"}],"curies":[{"name":"wp","href":"https:\/\/api.w.org\/{rel}","templated":true}]}}