{"id":58360,"date":"2025-03-14T14:39:53","date_gmt":"2025-03-14T13:39:53","guid":{"rendered":"https:\/\/jjcustomworks.se\/product\/throwing-knife-cheap-throwing-knife-5\/"},"modified":"2026-01-23T15:58:02","modified_gmt":"2026-01-23T14:58:02","slug":"throwing-knife-cheap-throwing-knife-5","status":"publish","type":"product","link":"https:\/\/jjcustomworks.se\/en\/product\/throwing-knife-cheap-throwing-knife-5\/","title":{"rendered":"Throwing Knife - Affordable Throwing Knife"},"content":{"rendered":"<h1>THROWING KNIFE - CHEAP THROWING KNIFE<\/h1>\n<h2><span class=\"ez-toc-section\" id=\"Affordable_throwing_knives_for_beginners_and_experts\"><\/span>Affordable throwing knives for beginners and experts<span class=\"ez-toc-section-end\"><\/span><\/h2>\n<p>Unbeatable price! Discover our affordable and interesting throwing knives in many different models. Knife throwing is an ancient art and sport that can also be a pleasure for the whole family. Fairly easy to learn if you have a little patience. This throwing knife is perfect for those who want to try knife throwing or develop your skills.<\/p>\n<h3><span class=\"ez-toc-section\" id=\"Specifications\"><\/span>Specifications:<span class=\"ez-toc-section-end\"><\/span><\/h3>\n<ul>\n <li>Length: 21.5cm<\/li>\n <li>Weight: 106 grams<\/li>\n<\/ul>\n<h3><span class=\"ez-toc-section\" id=\"Important_to_keep_in_mind\"><\/span>Important to keep in mind:<span class=\"ez-toc-section-end\"><\/span><\/h3>\n<p>Please note that these are not toys and that throwing knives are pointed and sometimes sharp and should not be handled without adult supervision. Of course, the age limit for purchase is 18 years. Never throw in the same direction as other people or animals and be sure not to have fragile objects near the target. Only intended to be thrown only at a suitable target! Smaller throwing knives under 10\" that do not weigh much can advantageously be thrown at regular dartboards. For larger\/heavier competition knives, we recommend a real wooden target. Several layers of cardboard can also be a good target. Keep in mind that steel bounces against steel and other hard surfaces.<\/p>\n<p>Looking for more throwing knives?  <a href=\"https:\/\/jjcustomworks.se\/en\/store\/\">See our wide range of throwing knives here<\/a>. Visit our <a href=\"https:\/\/jjcustomworks.se\/en\/product-category\/handmade\/handmade-knives\/\">Throwing Knife category<\/a> to find the perfect knife for you. For more information about our range, visit <a href=\"https:\/\/jjcustomworks.se\/en\/\">our homepage<\/a>.<\/p>","protected":false},"excerpt":{"rendered":"<p>K\u00f6p en billig kastkniv online &#8211; Hitta den perfekta kastkniven f\u00f6r dina behov till ett \u00f6verkomligt pris. Utforska v\u00e5rt sortiment av kvalitetsknivar f\u00f6r kastning och g\u00f6r ditt k\u00f6p idag!<\/p>","protected":false},"featured_media":58355,"template":"","meta":[],"product_brand":[],"product_cat":[908],"product_tag":[],"class_list":{"0":"post-58360","1":"product","2":"type-product","3":"status-publish","4":"has-post-thumbnail","6":"product_cat-kastkniv","8":"first","9":"instock","10":"sale","11":"taxable","12":"shipping-taxable","13":"purchasable","14":"product-type-simple"},"_links":{"self":[{"href":"https:\/\/jjcustomworks.se\/en\/wp-json\/wp\/v2\/product\/58360","targetHints":{"allow":["GET"]}}],"collection":[{"href":"https:\/\/jjcustomworks.se\/en\/wp-json\/wp\/v2\/product"}],"about":[{"href":"https:\/\/jjcustomworks.se\/en\/wp-json\/wp\/v2\/types\/product"}],"wp:featuredmedia":[{"embeddable":true,"href":"https:\/\/jjcustomworks.se\/en\/wp-json\/wp\/v2\/media\/58355"}],"wp:attachment":[{"href":"https:\/\/jjcustomworks.se\/en\/wp-json\/wp\/v2\/media?parent=58360"}],"wp:term":[{"taxonomy":"product_brand","embeddable":true,"href":"https:\/\/jjcustomworks.se\/en\/wp-json\/wp\/v2\/product_brand?post=58360"},{"taxonomy":"product_cat","embeddable":true,"href":"https:\/\/jjcustomworks.se\/en\/wp-json\/wp\/v2\/product_cat?post=58360"},{"taxonomy":"product_tag","embeddable":true,"href":"https:\/\/jjcustomworks.se\/en\/wp-json\/wp\/v2\/product_tag?post=58360"}],"curies":[{"name":"wp","href":"https:\/\/api.w.org\/{rel}","templated":true}]}}