{"id":58345,"date":"2025-03-14T14:39:44","date_gmt":"2025-03-14T13:39:44","guid":{"rendered":"https:\/\/jjcustomworks.se\/product\/throwing-knife-cheap-throwing-knife-2\/"},"modified":"2026-04-14T10:30:38","modified_gmt":"2026-04-14T08:30:38","slug":"throwing-knife-cheap-price","status":"publish","type":"product","link":"https:\/\/jjcustomworks.se\/en\/product\/throwing-knife-cheap-price\/","title":{"rendered":"Throwing Knife - Affordable Knife | PreMax"},"content":{"rendered":"<h1>Throwing Knife - Cheap Throwing Knife<\/h1>\n<h2><span class=\"ez-toc-section\" id=\"Affordable_throwing_knife_for_beginners_and_enthusiasts\"><\/span>Affordable throwing knife for beginners and enthusiasts<span class=\"ez-toc-section-end\"><\/span><\/h2>\n<p>Looking for an affordable throwing knife? This throwing knife from PreMax offers unbeatable value and is perfect for those who want to try knife throwing or expand their collection. With a length of 23 cm and a weight of 55 grams, it is easy to handle and throw.<\/p>\n<h3><span class=\"ez-toc-section\" id=\"Product_Information\"><\/span>Product Information:<span class=\"ez-toc-section-end\"><\/span><\/h3>\n<ul>\n <li>Length: 23 cm<\/li>\n <li>Weight: 55 grams<\/li>\n<\/ul>\n<p>Knife throwing is a fun and challenging activity that can be enjoyed by the whole family. It is relatively easy to learn, but requires some patience and practice. Remember that this is not a toy and should be handled with care.<\/p>\n<p><strong>Important safety information:<\/strong><\/p>\n<ul>\n <li>Not suitable for children without adult supervision.<\/li>\n <li>18 years age limit for purchase.<\/li>\n <li>Never throw in the direction of people or animals.<\/li>\n <li>Make sure there are no fragile objects near the target.<\/li>\n <li>Only intended for throwing at a suitable target.<\/li>\n<\/ul>\n<p>Smaller throwing knives can be thrown at dartboards. For larger and heavier knives, a wooden target is recommended. Several layers of cardboard can also be used as a target. Remember that steel bounces off hard surfaces.<\/p>\n<p>Discover our range of <a href=\"https:\/\/jjcustomworks.se\/en\/store\/\">other Throwing Knives<\/a> to find the perfect model for you. Visit our <a href=\"https:\/\/jjcustomworks.se\/en\/product-category\/handmade\/handmade-knives\/\">Sport Knives category<\/a> to see more options. For more information about PreMax, visit our <a href=\"https:\/\/jjcustomworks.se\/en\/\">homepage<\/a>.<\/p>","protected":false},"excerpt":{"rendered":"<p>K\u00f6p en billig kastkniv online &#8211; Hitta den perfekta kastkniven f\u00f6r dina behov till ett \u00f6verkomligt pris. Utforska v\u00e5rt sortiment av kvalitetsknivar f\u00f6r kastning och g\u00f6r ditt k\u00f6p idag!<\/p>","protected":false},"featured_media":58343,"template":"","meta":[],"product_brand":[],"product_cat":[908],"product_tag":[],"class_list":{"0":"post-58345","1":"product","2":"type-product","3":"status-publish","4":"has-post-thumbnail","6":"product_cat-kastkniv","8":"first","9":"instock","10":"sale","11":"taxable","12":"shipping-taxable","13":"purchasable","14":"product-type-simple"},"_links":{"self":[{"href":"https:\/\/jjcustomworks.se\/en\/wp-json\/wp\/v2\/product\/58345","targetHints":{"allow":["GET"]}}],"collection":[{"href":"https:\/\/jjcustomworks.se\/en\/wp-json\/wp\/v2\/product"}],"about":[{"href":"https:\/\/jjcustomworks.se\/en\/wp-json\/wp\/v2\/types\/product"}],"wp:featuredmedia":[{"embeddable":true,"href":"https:\/\/jjcustomworks.se\/en\/wp-json\/wp\/v2\/media\/58343"}],"wp:attachment":[{"href":"https:\/\/jjcustomworks.se\/en\/wp-json\/wp\/v2\/media?parent=58345"}],"wp:term":[{"taxonomy":"product_brand","embeddable":true,"href":"https:\/\/jjcustomworks.se\/en\/wp-json\/wp\/v2\/product_brand?post=58345"},{"taxonomy":"product_cat","embeddable":true,"href":"https:\/\/jjcustomworks.se\/en\/wp-json\/wp\/v2\/product_cat?post=58345"},{"taxonomy":"product_tag","embeddable":true,"href":"https:\/\/jjcustomworks.se\/en\/wp-json\/wp\/v2\/product_tag?post=58345"}],"curies":[{"name":"wp","href":"https:\/\/api.w.org\/{rel}","templated":true}]}}