{"id":58342,"date":"2025-03-14T14:39:42","date_gmt":"2025-03-14T13:39:42","guid":{"rendered":"https:\/\/jjcustomworks.se\/product\/throwing-knife-cheap-throwing-knife\/"},"modified":"2026-02-09T19:33:37","modified_gmt":"2026-02-09T18:33:37","slug":"throwing-knife-cheap-throwing-knife","status":"publish","type":"product","link":"https:\/\/jjcustomworks.se\/en\/product\/throwing-knife-cheap-throwing-knife\/","title":{"rendered":"Throwing Knife - Affordable Throwing Knife | PreMax"},"content":{"rendered":"<h1>THROWING KNIFE - CHEAP THROWING KNIFE<\/h1>\n<h2><span class=\"ez-toc-section\" id=\"Affordable_throwing_knife_for_beginners_and_experts\"><\/span>Affordable throwing knife for beginners and experts<span class=\"ez-toc-section-end\"><\/span><\/h2>\n<p>Discover the joy of knife throwing with this affordable throwing knife from PreMax. Perfect for both beginners and experienced throwers who want a reliable and easy-to-use knife. The unbeatable price makes this throwing knife an excellent choice for anyone who wants to try this exciting sport.<\/p>\n<h3><span class=\"ez-toc-section\" id=\"Specifications\"><\/span>Specifications:<span class=\"ez-toc-section-end\"><\/span><\/h3>\n<ul>\n <li><strong>Length:<\/strong> 16.5 cm<\/li>\n <li><strong>Weight:<\/strong> 31 grams<\/li>\n<\/ul>\n<p>Knife throwing is a traditional art and an entertaining sport that can be enjoyed by the whole family. With a little patience, it is relatively easy to learn the basics. This <a href=\"https:\/\/jjcustomworks.se\/en\/store\/\">throwing knife<\/a> is designed to make the learning process as smooth as possible. Remember, safety first! This is not a toy and should always be handled under adult supervision. An age limit of 18 years applies to the purchase of throwing knives.<\/p>\n<h3><span class=\"ez-toc-section\" id=\"Safety_Instructions\"><\/span>Safety Instructions:<span class=\"ez-toc-section-end\"><\/span><\/h3>\n<ul>\n <li>Never throw in the direction of people or animals.<\/li>\n <li>Make sure there are no fragile objects near the target.<\/li>\n <li>Only use the throwing knife against a suitable target.<\/li>\n<\/ul>\n<p>Smaller throwing knives, especially those under 10 inches and with low weight, can be thrown against regular dartboards. For larger and heavier competition knives, a real wooden target is recommended. Several layers of cardboard can also work well as a target. Remember that steel bounces against steel and other hard surfaces. Explore our range of <a href=\"https:\/\/jjcustomworks.se\/en\/product-category\/handmade\/handmade-knives\/\">throwing knives<\/a> and find the perfect model for you. Visit <a href=\"https:\/\/jjcustomworks.se\/en\/\">our website<\/a> to see our entire selection.<\/p>","protected":false},"excerpt":{"rendered":"<p>K\u00f6p en billig kastkniv online &#8211; Hitta den perfekta kastkniven f\u00f6r dina behov till ett \u00f6verkomligt pris. Utforska v\u00e5rt sortiment av kvalitetsknivar f\u00f6r kastning och g\u00f6r ditt k\u00f6p idag!<\/p>","protected":false},"featured_media":58340,"template":"","meta":[],"product_brand":[],"product_cat":[908],"product_tag":[],"class_list":{"0":"post-58342","1":"product","2":"type-product","3":"status-publish","4":"has-post-thumbnail","6":"product_cat-kastkniv","8":"first","9":"instock","10":"sale","11":"taxable","12":"shipping-taxable","13":"purchasable","14":"product-type-simple"},"_links":{"self":[{"href":"https:\/\/jjcustomworks.se\/en\/wp-json\/wp\/v2\/product\/58342","targetHints":{"allow":["GET"]}}],"collection":[{"href":"https:\/\/jjcustomworks.se\/en\/wp-json\/wp\/v2\/product"}],"about":[{"href":"https:\/\/jjcustomworks.se\/en\/wp-json\/wp\/v2\/types\/product"}],"wp:featuredmedia":[{"embeddable":true,"href":"https:\/\/jjcustomworks.se\/en\/wp-json\/wp\/v2\/media\/58340"}],"wp:attachment":[{"href":"https:\/\/jjcustomworks.se\/en\/wp-json\/wp\/v2\/media?parent=58342"}],"wp:term":[{"taxonomy":"product_brand","embeddable":true,"href":"https:\/\/jjcustomworks.se\/en\/wp-json\/wp\/v2\/product_brand?post=58342"},{"taxonomy":"product_cat","embeddable":true,"href":"https:\/\/jjcustomworks.se\/en\/wp-json\/wp\/v2\/product_cat?post=58342"},{"taxonomy":"product_tag","embeddable":true,"href":"https:\/\/jjcustomworks.se\/en\/wp-json\/wp\/v2\/product_tag?post=58342"}],"curies":[{"name":"wp","href":"https:\/\/api.w.org\/{rel}","templated":true}]}}