{"id":58238,"date":"2025-03-14T14:37:54","date_gmt":"2025-03-14T13:37:54","guid":{"rendered":"https:\/\/jjcustomworks.se\/product\/cold-steel-jack-dagger-thrower\/"},"modified":"2026-01-28T15:03:32","modified_gmt":"2026-01-28T14:03:32","slug":"cold-steel-jack-dagger-thrower","status":"publish","type":"product","link":"https:\/\/jjcustomworks.se\/en\/product\/cold-steel-jack-dagger-thrower\/","title":{"rendered":"Cold Steel Jack Dagger Thrower | High Quality Knife"},"content":{"rendered":"<h1><span class=\"ez-toc-section\" id=\"Cold_Steel_Jack_Dagger_Throwing_Knife\"><\/span>Cold Steel Jack Dagger Throwing Knife<span class=\"ez-toc-section-end\"><\/span><\/h1>\n<h2><span class=\"ez-toc-section\" id=\"Legendary_Knife_Thrower_Inspiration\"><\/span>Legendary Knife Thrower Inspiration<span class=\"ez-toc-section-end\"><\/span><\/h2>\n<p>The Cold Steel Jack Dagger throwing knife is inspired by the world-renowned knife thrower Jack Dagger, known as the \"King of Fling.\" Designed to his exact specifications, this knife is ideal for both professional and enthusiastic knife throwers. Experience precision and power with every throw with this unique knife. Don't miss the chance to own a piece of throwing knife legend. Explore our range of <a href=\"https:\/\/jjcustomworks.se\/en\/store\/\">high-quality throwing knives<\/a> to find the perfect addition to your collection. For more information about our products, visit our <a href=\"https:\/\/jjcustomworks.se\/en\/product-category\/handmade\/handmade-knives\/\">throwing knives category<\/a> or our <a href=\"https:\/\/jjcustomworks.se\/en\/\">homepage<\/a>.<\/p>\n<h3><span class=\"ez-toc-section\" id=\"Perfect_Balance_and_Design\"><\/span>Perfect Balance and Design<span class=\"ez-toc-section-end\"><\/span><\/h3>\n<p>This throwing knife is made from a single piece of 1055 carbon steel, ensuring outstanding durability and balance. The wide \"bowie-style\" clip point makes it perfect for competitions and professional use. Additionally, the single sharpened edge works great as a practical tool and camping knife, providing versatility in all situations.<\/p>\n<ul>\n<li>Edge: Plain<\/li>\n<li>Blade Profile: Clip Point<\/li>\n<li>Blade Length: 7.5&quot; (19.1 cm)<\/li>\n<li>Adv. Blade Material: Medium-carbon- 1055<\/li>\n<li>Blade Grind: Flat<\/li>\n<li>Blade Thickness: 5 mm (0.20&quot;)<\/li>\n<li>Handle Length: 6.5&quot; (16.5 cm)<\/li>\n<li>Handle Material: 1055 carbon<\/li>\n<li>Overall Length: 14&quot; (35.6 cm)<\/li>\n<li>Sheath Included: None<\/li>\n<li>Weight: 14.4oz (408.2 grams)<\/li>\n<\/ul>\n<h3><span class=\"ez-toc-section\" id=\"Safety_and_Usage\"><\/span>Safety and Usage<span class=\"ez-toc-section-end\"><\/span><\/h3>\n<p>Knife throwing is a fun and exciting activity for the whole family, but it's important to remember safety. This throwing knife is not a toy and should be handled with adult supervision. Always be careful and never throw in the direction of people or animals. Make sure there are no fragile objects near the target to avoid accidents.<\/p>\n<p>Only use the knife against suitable targets. Smaller throwing knives can be used against dartboards, while larger and heavier knives require a more robust wooden structure. Keep in mind that steel can bounce off hard surfaces, so be extra careful.<\/p>","protected":false},"excerpt":{"rendered":"<p>Hitta det b\u00e4sta COLD STEEL Jack Dagger Thrower till b\u00e4sta pris online. V\u00e5ra recensioner och j\u00e4mf\u00f6relser kommer att hj\u00e4lpa dig att hitta den perfekta knivkastaren f\u00f6r dina behov. K\u00f6p nu och bli en expert p\u00e5 knivkastning!<\/p>","protected":false},"featured_media":58234,"template":"","meta":[],"product_brand":[],"product_cat":[908],"product_tag":[],"class_list":{"0":"post-58238","1":"product","2":"type-product","3":"status-publish","4":"has-post-thumbnail","6":"product_cat-kastkniv","8":"first","9":"instock","10":"sale","11":"taxable","12":"shipping-taxable","13":"purchasable","14":"product-type-simple"},"_links":{"self":[{"href":"https:\/\/jjcustomworks.se\/en\/wp-json\/wp\/v2\/product\/58238","targetHints":{"allow":["GET"]}}],"collection":[{"href":"https:\/\/jjcustomworks.se\/en\/wp-json\/wp\/v2\/product"}],"about":[{"href":"https:\/\/jjcustomworks.se\/en\/wp-json\/wp\/v2\/types\/product"}],"wp:featuredmedia":[{"embeddable":true,"href":"https:\/\/jjcustomworks.se\/en\/wp-json\/wp\/v2\/media\/58234"}],"wp:attachment":[{"href":"https:\/\/jjcustomworks.se\/en\/wp-json\/wp\/v2\/media?parent=58238"}],"wp:term":[{"taxonomy":"product_brand","embeddable":true,"href":"https:\/\/jjcustomworks.se\/en\/wp-json\/wp\/v2\/product_brand?post=58238"},{"taxonomy":"product_cat","embeddable":true,"href":"https:\/\/jjcustomworks.se\/en\/wp-json\/wp\/v2\/product_cat?post=58238"},{"taxonomy":"product_tag","embeddable":true,"href":"https:\/\/jjcustomworks.se\/en\/wp-json\/wp\/v2\/product_tag?post=58238"}],"curies":[{"name":"wp","href":"https:\/\/api.w.org\/{rel}","templated":true}]}}